{"id":4629,"date":"2023-06-05T17:24:25","date_gmt":"2023-06-05T17:24:25","guid":{"rendered":"https:\/\/www.bcboncar.com\/emballage-de-mode\/emballages-en-papier\/"},"modified":"2023-08-27T16:32:18","modified_gmt":"2023-08-27T16:32:18","slug":"emballages-en-papier","status":"publish","type":"page","link":"https:\/\/www.bcboncar.com\/fr\/emballage-de-mode\/emballages-en-papier\/","title":{"rendered":"Emballages en papier"},"content":{"rendered":"\t\t<div data-elementor-type=\"wp-page\" data-elementor-id=\"4629\" class=\"elementor elementor-4629\" data-elementor-post-type=\"page\">\n\t\t\t\t\t\t<section class=\"elementor-section elementor-top-section elementor-element elementor-element-377f6f68 elementor-section-boxed elementor-section-height-default elementor-section-height-default\" data-id=\"377f6f68\" data-element_type=\"section\" data-e-type=\"section\">\n\t\t\t\t\t\t<div class=\"elementor-container elementor-column-gap-default\">\n\t\t\t\t\t<div class=\"elementor-column elementor-col-50 elementor-top-column elementor-element elementor-element-65d066d1\" data-id=\"65d066d1\" data-element_type=\"column\" data-e-type=\"column\">\n\t\t\t<div class=\"elementor-widget-wrap elementor-element-populated\">\n\t\t\t\t\t\t<div class=\"elementor-element elementor-element-433413e6 elementor-widget elementor-widget-image\" data-id=\"433413e6\" data-element_type=\"widget\" data-e-type=\"widget\" data-widget_type=\"image.default\">\n\t\t\t\t<div class=\"elementor-widget-container\">\n\t\t\t\t\t\t\t\t\t\t\t\t\t\t\t<img fetchpriority=\"high\" decoding=\"async\" width=\"800\" height=\"800\" src=\"https:\/\/www.bcboncar.com\/wp-content\/uploads\/2023\/02\/packaging-moda-shopper-carta.jpg\" class=\"attachment-large size-large wp-image-3931\" alt=\"\" srcset=\"https:\/\/www.bcboncar.com\/wp-content\/uploads\/2023\/02\/packaging-moda-shopper-carta.jpg 800w, https:\/\/www.bcboncar.com\/wp-content\/uploads\/2023\/02\/packaging-moda-shopper-carta-300x300.jpg 300w, https:\/\/www.bcboncar.com\/wp-content\/uploads\/2023\/02\/packaging-moda-shopper-carta-150x150.jpg 150w, https:\/\/www.bcboncar.com\/wp-content\/uploads\/2023\/02\/packaging-moda-shopper-carta-768x768.jpg 768w\" sizes=\"(max-width: 800px) 100vw, 800px\" \/>\t\t\t\t\t\t\t\t\t\t\t\t\t\t\t<\/div>\n\t\t\t\t<\/div>\n\t\t\t\t\t<\/div>\n\t\t<\/div>\n\t\t\t\t<div class=\"elementor-column elementor-col-50 elementor-top-column elementor-element elementor-element-26e3f4e4\" data-id=\"26e3f4e4\" data-element_type=\"column\" data-e-type=\"column\">\n\t\t\t<div class=\"elementor-widget-wrap elementor-element-populated\">\n\t\t\t\t\t\t<div class=\"elementor-element elementor-element-7d581939 premium-title-color elementor-widget elementor-widget-premium-addon-title\" data-id=\"7d581939\" data-element_type=\"widget\" data-e-type=\"widget\" data-widget_type=\"premium-addon-title.default\">\n\t\t\t\t<div class=\"elementor-widget-container\">\n\t\t\t\t\t\n\t\t<div class=\"premium-title-container style1\">\n\t\t\t<h1 class=\"premium-title-header premium-title-style1\">\n\t\t\t\t\n\t\t\t\t\n\t\t\t\t\t\t\t\t\t\t\t\t<span class=\"premium-title-text\">\n\t\t\t\t\tEmballages en papier\t\t\t\t<\/span>\n\t\t\t\t\t\n\t\t\t\t\t\t\t\t\n\t\t\t\t\t\t\t<\/h1>\n\n\t\t<\/div>\n\n\t\t\t\t\t\t<\/div>\n\t\t\t\t<\/div>\n\t\t\t\t<div class=\"elementor-element elementor-element-6118b56 elementor-widget elementor-widget-text-editor\" data-id=\"6118b56\" data-element_type=\"widget\" data-e-type=\"widget\" data-widget_type=\"text-editor.default\">\n\t\t\t\t<div class=\"elementor-widget-container\">\n\t\t\t\t\t\t\t\t\t<p>Le sac \u00e0 provisions en papier est l&rsquo;un des principaux \u00e9l\u00e9ments d&#8217;emballage permettant d&rsquo;identifier la marque. Ce n&rsquo;est pas un hasard si chaque marque recherche des couleurs sp\u00e9cifiques : <strong>vert Tiffany, papier naturel Louboutin, orange Herm\u00e8s, noir Chanel, rouge Valentino. <\/strong><\/p><p>Tous les papiers que nous utilisons sont <strong>certifi\u00e9s FSC <\/strong>et pour certains clients, nous cr\u00e9ons, avec nos papeteries partenaires, des produits <strong>100% recycl\u00e9s. <\/strong>Gr\u00e2ce \u00e0 la recherche et au d\u00e9veloppement, nous avons cr\u00e9\u00e9 des <strong>papiers avec des r\u00e9sidus de bois, <\/strong>ou des papiers avec des d\u00e9chets de production de diff\u00e9rentes sortes ; cuir, tiges&#8230;&#8230;.\u00a0\u00a0 Il n&rsquo;y a pas de limites et BC BONCAR est toujours \u00e0 l&rsquo;\u00e9coute des besoins de ses clients.<\/p><p>Chaque client recherche quelque chose de sp\u00e9cial qui l&rsquo;identifie et le rend unique. La personnalisation du sac \u00e0 provisions en papier est l&rsquo;une de ses particularit\u00e9s. Le choix de l&rsquo;impression, le ruban ou la cordelette pour le transport, la forme. Plus l&rsquo;acheteur dispose d&rsquo;\u00e9l\u00e9ments distinctifs, plus la marque est reconnaissable. BC BONCAR utilise toutes les techniques d&rsquo;impression disponibles dans le commerce ainsi que la combinaison de diff\u00e9rents secteurs pour rendre le <strong>LOGO de <\/strong>la marque unique. Gaufrage \u00e0 <strong>chaud artistique, gaufrage \u00e0 chaud opaque, gaufrage ton sur ton, impression par transfert d&rsquo;\u00e9paisseur, gaufrage UV, offset UV, impressions avec contrastes brillant\/mat. Les poign\u00e9es peuvent \u00eatre en corde naturelle, en papier avec des rubans en polyester recycl\u00e9 ou en papier avec un aspect textile. Tous les articles certifi\u00e9s et durables Un autre aspect qui identifie un sac \u00e0 provisions est sa forme. Vous trouverez ici des formes de sacs \u00e0 provisions \u00e0 fond japonais, \u00e0 fond trap\u00e9zo\u00efdal ou \u00e0 fond \u00e0 pression classique, ou encore des sacs \u00e0 provisions brevet\u00e9s sans collage. <\/strong><\/p>\t\t\t\t\t\t\t\t<\/div>\n\t\t\t\t<\/div>\n\t\t\t\t\t<\/div>\n\t\t<\/div>\n\t\t\t\t\t<\/div>\n\t\t<\/section>\n\t\t\t\t<section class=\"elementor-section elementor-top-section elementor-element elementor-element-dcabbc6 elementor-section-boxed elementor-section-height-default elementor-section-height-default\" data-id=\"dcabbc6\" data-element_type=\"section\" data-e-type=\"section\">\n\t\t\t\t\t\t<div class=\"elementor-container elementor-column-gap-default\">\n\t\t\t\t\t<div class=\"elementor-column elementor-col-100 elementor-top-column elementor-element elementor-element-efde7cc\" data-id=\"efde7cc\" data-element_type=\"column\" data-e-type=\"column\">\n\t\t\t<div class=\"elementor-widget-wrap elementor-element-populated\">\n\t\t\t\t\t\t<div class=\"elementor-element elementor-element-101ab8f7 elementor-widget elementor-widget-heading\" data-id=\"101ab8f7\" data-element_type=\"widget\" data-e-type=\"widget\" data-widget_type=\"heading.default\">\n\t\t\t\t<div class=\"elementor-widget-container\">\n\t\t\t\t\t<h2 class=\"elementor-heading-title elementor-size-default\">Informations requises<\/h2>\t\t\t\t<\/div>\n\t\t\t\t<\/div>\n\t\t\t\t<div class=\"elementor-element elementor-element-90f3383 elementor-button-align-stretch elementor-widget elementor-widget-global elementor-global-5465 elementor-widget-form\" data-id=\"90f3383\" data-element_type=\"widget\" data-e-type=\"widget\" data-settings=\"{&quot;step_next_label&quot;:&quot;Successivo&quot;,&quot;step_previous_label&quot;:&quot;Precedente&quot;,&quot;button_width&quot;:&quot;100&quot;,&quot;step_type&quot;:&quot;number_text&quot;,&quot;step_icon_shape&quot;:&quot;circle&quot;}\" data-widget_type=\"form.default\">\n\t\t\t\t<div class=\"elementor-widget-container\">\n\t\t\t\t\t\t\t<form class=\"elementor-form\" method=\"post\" name=\"Contatto prodotto\" aria-label=\"Contatto prodotto\">\n\t\t\t<input type=\"hidden\" name=\"post_id\" value=\"4629\"\/>\n\t\t\t<input type=\"hidden\" name=\"form_id\" value=\"90f3383\"\/>\n\t\t\t<input type=\"hidden\" name=\"referer_title\" value=\"BC Boncar\" \/>\n\n\t\t\t\n\t\t\t<div class=\"elementor-form-fields-wrapper elementor-labels-\">\n\t\t\t\t\t\t\t\t<div class=\"elementor-field-type-text elementor-field-group elementor-column elementor-field-group-name elementor-col-100\">\n\t\t\t\t\t\t\t\t\t\t\t\t<label for=\"form-field-name\" class=\"elementor-field-label elementor-screen-only\">\n\t\t\t\t\t\t\t\tNome\t\t\t\t\t\t\t<\/label>\n\t\t\t\t\t\t\t\t\t\t\t\t\t\t<input size=\"1\" type=\"text\" name=\"form_fields[name]\" id=\"form-field-name\" class=\"elementor-field elementor-size-sm  elementor-field-textual\" placeholder=\"Nome e Cognome\">\n\t\t\t\t\t\t\t\t\t\t\t<\/div>\n\t\t\t\t\t\t\t\t<div class=\"elementor-field-type-email elementor-field-group elementor-column elementor-field-group-email elementor-col-100 elementor-field-required\">\n\t\t\t\t\t\t\t\t\t\t\t\t<label for=\"form-field-email\" class=\"elementor-field-label elementor-screen-only\">\n\t\t\t\t\t\t\t\tEmail\t\t\t\t\t\t\t<\/label>\n\t\t\t\t\t\t\t\t\t\t\t\t\t\t<input size=\"1\" type=\"email\" name=\"form_fields[email]\" id=\"form-field-email\" class=\"elementor-field elementor-size-sm  elementor-field-textual\" placeholder=\"Indirizzo Email\" required=\"required\">\n\t\t\t\t\t\t\t\t\t\t\t<\/div>\n\t\t\t\t\t\t\t\t<div class=\"elementor-field-type-textarea elementor-field-group elementor-column elementor-field-group-message elementor-col-100\">\n\t\t\t\t\t\t\t\t\t\t\t\t<label for=\"form-field-message\" class=\"elementor-field-label elementor-screen-only\">\n\t\t\t\t\t\t\t\tMessaggio\t\t\t\t\t\t\t<\/label>\n\t\t\t\t\t\t<textarea class=\"elementor-field-textual elementor-field  elementor-size-sm\" name=\"form_fields[message]\" id=\"form-field-message\" rows=\"4\" placeholder=\"Messaggio\"><\/textarea>\t\t\t\t<\/div>\n\t\t\t\t\t\t\t\t<div class=\"elementor-field-type-acceptance elementor-field-group elementor-column elementor-field-group-field_6c7f27a elementor-col-100 elementor-field-required\">\n\t\t\t\t\t\t\t\t\t\t\t\t<label for=\"form-field-field_6c7f27a\" class=\"elementor-field-label elementor-screen-only\">\n\t\t\t\t\t\t\t\tPrivacy\t\t\t\t\t\t\t<\/label>\n\t\t\t\t\t\t\t\t<div class=\"elementor-field-subgroup\">\n\t\t\t<span class=\"elementor-field-option\">\n\t\t\t\t<input type=\"checkbox\" name=\"form_fields[field_6c7f27a]\" id=\"form-field-field_6c7f27a\" class=\"elementor-field elementor-size-sm  elementor-acceptance-field\" required=\"required\">\n\t\t\t\t<label for=\"form-field-field_6c7f27a\"><span style=\"font-size: 16px;\">Ho letto l'<a href=\"https:\/\/www.bcboncar.com\/privacy-policy\" style=\"color: #0F1B2C;\" target=\"_blank\">informativa<\/a> e autorizzo il trattamento dei miei dati personali<\/span><\/label>\t\t\t<\/span>\n\t\t<\/div>\n\t\t\t\t\t\t<\/div>\n\t\t\t\t\t\t\t\t<div class=\"elementor-field-type-recaptcha_v3 elementor-field-group elementor-column elementor-field-group-field_985bf6a elementor-col-100 recaptcha_v3-inline\">\n\t\t\t\t\t<div class=\"elementor-field\" id=\"form-field-field_985bf6a\"><div class=\"elementor-g-recaptcha\" data-sitekey=\"6LcljEkgAAAAAHelkIWpisz9R1Lg7ys4xX817RAP\" data-type=\"v3\" data-action=\"Form\" data-badge=\"inline\" data-size=\"invisible\"><\/div><\/div>\t\t\t\t<\/div>\n\t\t\t\t\t\t\t\t<div class=\"elementor-field-group elementor-column elementor-field-type-submit elementor-col-100 e-form__buttons\">\n\t\t\t\t\t<button class=\"elementor-button elementor-size-md\" type=\"submit\">\n\t\t\t\t\t\t<span class=\"elementor-button-content-wrapper\">\n\t\t\t\t\t\t\t\t\t\t\t\t\t\t\t\t\t\t\t\t\t\t<span class=\"elementor-button-text\">Invia richiesta<\/span>\n\t\t\t\t\t\t\t\t\t\t\t\t\t<\/span>\n\t\t\t\t\t<\/button>\n\t\t\t\t<\/div>\n\t\t\t<\/div>\n\t\t<\/form>\n\t\t\t\t\t\t<\/div>\n\t\t\t\t<\/div>\n\t\t\t\t<div class=\"elementor-element elementor-element-28c66b5a elementor-widget elementor-widget-spacer\" data-id=\"28c66b5a\" data-element_type=\"widget\" data-e-type=\"widget\" data-widget_type=\"spacer.default\">\n\t\t\t\t<div class=\"elementor-widget-container\">\n\t\t\t\t\t\t\t<div class=\"elementor-spacer\">\n\t\t\t<div class=\"elementor-spacer-inner\"><\/div>\n\t\t<\/div>\n\t\t\t\t\t\t<\/div>\n\t\t\t\t<\/div>\n\t\t\t\t<div class=\"elementor-element elementor-element-a3163fc elementor-widget elementor-widget-heading\" data-id=\"a3163fc\" data-element_type=\"widget\" data-e-type=\"widget\" data-widget_type=\"heading.default\">\n\t\t\t\t<div class=\"elementor-widget-container\">\n\t\t\t\t\t<h2 class=\"elementor-heading-title elementor-size-default\">Vous pourriez aussi \u00eatre int\u00e9ress\u00e9 par<\/h2>\t\t\t\t<\/div>\n\t\t\t\t<\/div>\n\t\t\t\t\t<\/div>\n\t\t<\/div>\n\t\t\t\t\t<\/div>\n\t\t<\/section>\n\t\t\t\t<section class=\"elementor-section elementor-top-section elementor-element elementor-element-75c7ec96 elementor-section-boxed elementor-section-height-default elementor-section-height-default\" data-id=\"75c7ec96\" data-element_type=\"section\" data-e-type=\"section\">\n\t\t\t\t\t\t<div class=\"elementor-container elementor-column-gap-default\">\n\t\t\t\t\t<div class=\"elementor-column elementor-col-33 elementor-top-column elementor-element elementor-element-63730e33\" data-id=\"63730e33\" data-element_type=\"column\" data-e-type=\"column\">\n\t\t\t<div class=\"elementor-widget-wrap elementor-element-populated\">\n\t\t\t\t\t\t<div class=\"elementor-element elementor-element-7d001b7 elementor-widget elementor-widget-image\" data-id=\"7d001b7\" data-element_type=\"widget\" data-e-type=\"widget\" data-widget_type=\"image.default\">\n\t\t\t\t<div class=\"elementor-widget-container\">\n\t\t\t\t\t\t\t\t\t\t\t\t\t\t\t\t<a href=\"https:\/\/www.bcboncar.com\/packaging-moda\/astuccio-cofanetto\">\n\t\t\t\t\t\t\t<img decoding=\"async\" width=\"800\" height=\"800\" src=\"https:\/\/www.bcboncar.com\/wp-content\/uploads\/2023\/02\/packaging-moda-astuccio-cofanetto.jpg\" class=\"attachment-large size-large wp-image-3934\" alt=\"\" srcset=\"https:\/\/www.bcboncar.com\/wp-content\/uploads\/2023\/02\/packaging-moda-astuccio-cofanetto.jpg 800w, https:\/\/www.bcboncar.com\/wp-content\/uploads\/2023\/02\/packaging-moda-astuccio-cofanetto-300x300.jpg 300w, https:\/\/www.bcboncar.com\/wp-content\/uploads\/2023\/02\/packaging-moda-astuccio-cofanetto-150x150.jpg 150w, https:\/\/www.bcboncar.com\/wp-content\/uploads\/2023\/02\/packaging-moda-astuccio-cofanetto-768x768.jpg 768w\" sizes=\"(max-width: 800px) 100vw, 800px\" \/>\t\t\t\t\t\t\t\t<\/a>\n\t\t\t\t\t\t\t\t\t\t\t\t\t\t\t<\/div>\n\t\t\t\t<\/div>\n\t\t\t\t<div class=\"elementor-element elementor-element-40dc614 elementor-widget elementor-widget-heading\" data-id=\"40dc614\" data-element_type=\"widget\" data-e-type=\"widget\" data-widget_type=\"heading.default\">\n\t\t\t\t<div class=\"elementor-widget-container\">\n\t\t\t\t\t<h2 class=\"elementor-heading-title elementor-size-default\">Astuccio cofanetto<\/h2>\t\t\t\t<\/div>\n\t\t\t\t<\/div>\n\t\t\t\t\t<\/div>\n\t\t<\/div>\n\t\t\t\t<div class=\"elementor-column elementor-col-33 elementor-top-column elementor-element elementor-element-39877e3d\" data-id=\"39877e3d\" data-element_type=\"column\" data-e-type=\"column\">\n\t\t\t<div class=\"elementor-widget-wrap elementor-element-populated\">\n\t\t\t\t\t\t<div class=\"elementor-element elementor-element-b6bf4b0 elementor-widget elementor-widget-image\" data-id=\"b6bf4b0\" data-element_type=\"widget\" data-e-type=\"widget\" data-widget_type=\"image.default\">\n\t\t\t\t<div class=\"elementor-widget-container\">\n\t\t\t\t\t\t\t\t\t\t\t\t\t\t\t\t<a href=\"https:\/\/www.bcboncar.com\/packaging-moda\/astuccio\">\n\t\t\t\t\t\t\t<img decoding=\"async\" src=\"https:\/\/www.bcboncar.com\/wp-content\/uploads\/2023\/02\/packaging-moda-astuccio.jpg\" title=\"\" alt=\"\" loading=\"lazy\" \/>\t\t\t\t\t\t\t\t<\/a>\n\t\t\t\t\t\t\t\t\t\t\t\t\t\t\t<\/div>\n\t\t\t\t<\/div>\n\t\t\t\t<div class=\"elementor-element elementor-element-62f712d elementor-widget elementor-widget-heading\" data-id=\"62f712d\" data-element_type=\"widget\" data-e-type=\"widget\" data-widget_type=\"heading.default\">\n\t\t\t\t<div class=\"elementor-widget-container\">\n\t\t\t\t\t<h2 class=\"elementor-heading-title elementor-size-default\">Astuccio<\/h2>\t\t\t\t<\/div>\n\t\t\t\t<\/div>\n\t\t\t\t\t<\/div>\n\t\t<\/div>\n\t\t\t\t<div class=\"elementor-column elementor-col-33 elementor-top-column elementor-element elementor-element-44b9053a\" data-id=\"44b9053a\" data-element_type=\"column\" data-e-type=\"column\">\n\t\t\t<div class=\"elementor-widget-wrap elementor-element-populated\">\n\t\t\t\t\t\t<div class=\"elementor-element elementor-element-3eac2c5 elementor-widget elementor-widget-image\" data-id=\"3eac2c5\" data-element_type=\"widget\" data-e-type=\"widget\" data-widget_type=\"image.default\">\n\t\t\t\t<div class=\"elementor-widget-container\">\n\t\t\t\t\t\t\t\t\t\t\t\t\t\t\t\t<a href=\"https:\/\/www.bcboncar.com\/packaging-moda\/busta-in-tessuto\">\n\t\t\t\t\t\t\t<img decoding=\"async\" width=\"800\" height=\"800\" src=\"https:\/\/www.bcboncar.com\/wp-content\/uploads\/2023\/02\/packaging-moda-busta-tessuto.jpg\" class=\"attachment-large size-large wp-image-3974\" alt=\"\" srcset=\"https:\/\/www.bcboncar.com\/wp-content\/uploads\/2023\/02\/packaging-moda-busta-tessuto.jpg 800w, https:\/\/www.bcboncar.com\/wp-content\/uploads\/2023\/02\/packaging-moda-busta-tessuto-300x300.jpg 300w, https:\/\/www.bcboncar.com\/wp-content\/uploads\/2023\/02\/packaging-moda-busta-tessuto-150x150.jpg 150w, https:\/\/www.bcboncar.com\/wp-content\/uploads\/2023\/02\/packaging-moda-busta-tessuto-768x768.jpg 768w\" sizes=\"(max-width: 800px) 100vw, 800px\" \/>\t\t\t\t\t\t\t\t<\/a>\n\t\t\t\t\t\t\t\t\t\t\t\t\t\t\t<\/div>\n\t\t\t\t<\/div>\n\t\t\t\t<div class=\"elementor-element elementor-element-28456f6 elementor-widget elementor-widget-heading\" data-id=\"28456f6\" data-element_type=\"widget\" data-e-type=\"widget\" data-widget_type=\"heading.default\">\n\t\t\t\t<div class=\"elementor-widget-container\">\n\t\t\t\t\t<h2 class=\"elementor-heading-title elementor-size-default\">Busta in tessuto<\/h2>\t\t\t\t<\/div>\n\t\t\t\t<\/div>\n\t\t\t\t\t<\/div>\n\t\t<\/div>\n\t\t\t\t\t<\/div>\n\t\t<\/section>\n\t\t\t\t<\/div>\n\t\t","protected":false},"excerpt":{"rendered":"<p>Emballages en papier Le sac \u00e0 provisions en papier est l&rsquo;un des principaux \u00e9l\u00e9ments d&#8217;emballage permettant d&rsquo;identifier la marque. Ce n&rsquo;est pas un hasard si chaque marque recherche des couleurs sp\u00e9cifiques : vert Tiffany, papier naturel Louboutin, orange Herm\u00e8s, noir Chanel, rouge Valentino. Tous les papiers que nous utilisons sont certifi\u00e9s FSC et pour certains [&hellip;]<\/p>\n","protected":false},"author":2,"featured_media":0,"parent":4621,"menu_order":0,"comment_status":"closed","ping_status":"closed","template":"","meta":{"footnotes":""},"class_list":["post-4629","page","type-page","status-publish","hentry"],"_links":{"self":[{"href":"https:\/\/www.bcboncar.com\/fr\/wp-json\/wp\/v2\/pages\/4629","targetHints":{"allow":["GET"]}}],"collection":[{"href":"https:\/\/www.bcboncar.com\/fr\/wp-json\/wp\/v2\/pages"}],"about":[{"href":"https:\/\/www.bcboncar.com\/fr\/wp-json\/wp\/v2\/types\/page"}],"author":[{"embeddable":true,"href":"https:\/\/www.bcboncar.com\/fr\/wp-json\/wp\/v2\/users\/2"}],"replies":[{"embeddable":true,"href":"https:\/\/www.bcboncar.com\/fr\/wp-json\/wp\/v2\/comments?post=4629"}],"version-history":[{"count":6,"href":"https:\/\/www.bcboncar.com\/fr\/wp-json\/wp\/v2\/pages\/4629\/revisions"}],"predecessor-version":[{"id":5705,"href":"https:\/\/www.bcboncar.com\/fr\/wp-json\/wp\/v2\/pages\/4629\/revisions\/5705"}],"up":[{"embeddable":true,"href":"https:\/\/www.bcboncar.com\/fr\/wp-json\/wp\/v2\/pages\/4621"}],"wp:attachment":[{"href":"https:\/\/www.bcboncar.com\/fr\/wp-json\/wp\/v2\/media?parent=4629"}],"curies":[{"name":"wp","href":"https:\/\/api.w.org\/{rel}","templated":true}]}}