{"id":4658,"date":"2023-06-05T18:59:26","date_gmt":"2023-06-05T18:59:26","guid":{"rendered":"https:\/\/www.bcboncar.com\/emballage-de-mode\/boitier-inferieur-et-couvercle\/"},"modified":"2023-08-27T16:34:51","modified_gmt":"2023-08-27T16:34:51","slug":"boitier-inferieur-et-couvercle","status":"publish","type":"page","link":"https:\/\/www.bcboncar.com\/fr\/emballage-de-mode\/boitier-inferieur-et-couvercle\/","title":{"rendered":"Bo\u00eetier inf\u00e9rieur et couvercle"},"content":{"rendered":"\t\t<div data-elementor-type=\"wp-page\" data-elementor-id=\"4658\" class=\"elementor elementor-4658\" data-elementor-post-type=\"page\">\n\t\t\t\t\t\t<section class=\"elementor-section elementor-top-section elementor-element elementor-element-377f6f68 elementor-section-boxed elementor-section-height-default elementor-section-height-default\" data-id=\"377f6f68\" data-element_type=\"section\" data-e-type=\"section\">\n\t\t\t\t\t\t<div class=\"elementor-container elementor-column-gap-default\">\n\t\t\t\t\t<div class=\"elementor-column elementor-col-50 elementor-top-column elementor-element elementor-element-65d066d1\" data-id=\"65d066d1\" data-element_type=\"column\" data-e-type=\"column\">\n\t\t\t<div class=\"elementor-widget-wrap elementor-element-populated\">\n\t\t\t\t\t\t<div class=\"elementor-element elementor-element-433413e6 elementor-widget elementor-widget-image\" data-id=\"433413e6\" data-element_type=\"widget\" data-e-type=\"widget\" data-widget_type=\"image.default\">\n\t\t\t\t<div class=\"elementor-widget-container\">\n\t\t\t\t\t\t\t\t\t\t\t\t\t\t\t<img fetchpriority=\"high\" decoding=\"async\" width=\"800\" height=\"800\" src=\"https:\/\/www.bcboncar.com\/wp-content\/uploads\/2023\/02\/packaging-moda-scatola-fondo-copertina.jpg\" class=\"attachment-large size-large wp-image-3977\" alt=\"\" srcset=\"https:\/\/www.bcboncar.com\/wp-content\/uploads\/2023\/02\/packaging-moda-scatola-fondo-copertina.jpg 800w, https:\/\/www.bcboncar.com\/wp-content\/uploads\/2023\/02\/packaging-moda-scatola-fondo-copertina-300x300.jpg 300w, https:\/\/www.bcboncar.com\/wp-content\/uploads\/2023\/02\/packaging-moda-scatola-fondo-copertina-150x150.jpg 150w, https:\/\/www.bcboncar.com\/wp-content\/uploads\/2023\/02\/packaging-moda-scatola-fondo-copertina-768x768.jpg 768w\" sizes=\"(max-width: 800px) 100vw, 800px\" \/>\t\t\t\t\t\t\t\t\t\t\t\t\t\t\t<\/div>\n\t\t\t\t<\/div>\n\t\t\t\t\t<\/div>\n\t\t<\/div>\n\t\t\t\t<div class=\"elementor-column elementor-col-50 elementor-top-column elementor-element elementor-element-26e3f4e4\" data-id=\"26e3f4e4\" data-element_type=\"column\" data-e-type=\"column\">\n\t\t\t<div class=\"elementor-widget-wrap elementor-element-populated\">\n\t\t\t\t\t\t<div class=\"elementor-element elementor-element-7d581939 premium-title-color elementor-widget elementor-widget-premium-addon-title\" data-id=\"7d581939\" data-element_type=\"widget\" data-e-type=\"widget\" data-widget_type=\"premium-addon-title.default\">\n\t\t\t\t<div class=\"elementor-widget-container\">\n\t\t\t\t\t\n\t\t<div class=\"premium-title-container style1\">\n\t\t\t<h1 class=\"premium-title-header premium-title-style1\">\n\t\t\t\t\n\t\t\t\t\n\t\t\t\t\t\t\t\t\t\t\t\t<span class=\"premium-title-text\">\n\t\t\t\t\tBo\u00eetier inf\u00e9rieur et couvercle\t\t\t\t<\/span>\n\t\t\t\t\t\n\t\t\t\t\t\t\t\t\n\t\t\t\t\t\t\t<\/h1>\n\n\t\t<\/div>\n\n\t\t\t\t\t\t<\/div>\n\t\t\t\t<\/div>\n\t\t\t\t<div class=\"elementor-element elementor-element-6118b56 elementor-widget elementor-widget-text-editor\" data-id=\"6118b56\" data-element_type=\"widget\" data-e-type=\"widget\" data-widget_type=\"text-editor.default\">\n\t\t\t\t<div class=\"elementor-widget-container\">\n\t\t\t\t\t\t\t\t\t<p>Nos clients ont toujours des exigences diff\u00e9rentes et, en fonction des articles \u00e0 prot\u00e9ger ou \u00e0 mettre en valeur, des productions ou des bo\u00eetes sp\u00e9ciales sont demand\u00e9es. Au fil du temps, nous avons r\u00e9pondu \u00e0 diverses demandes et trouv\u00e9 des solutions pour nos clients. <strong>La bo\u00eete \u00e0 fond et couvercle en carton recouvert de papier FSC <\/strong>ou de tissu est un type de bo\u00eete tr\u00e8s \u00e9l\u00e9gant et luxueux. C&rsquo;est un \u00e9crin qui rend le produit du client unique. La bo\u00eete \u00e0 fond et couvercle est un classique qui ne se d\u00e9mode jamais, c&rsquo;est le choix de papiers FSC et durables qui la rend pertinente pour l&rsquo;\u00e9poque. Une bo\u00eete avec fond et couvercle est une bo\u00eete intemporelle. La fermeture peut se faire avec des aimants, des rubans personnalis\u00e9s et imprim\u00e9s, des cordons naturels ou des fermetures brevet\u00e9es par nos soins comme les <strong>boutons mono-mat\u00e9riaux en carton \u00e9tir\u00e9. <\/strong>Le fond et le couvercle de notre bo\u00eete avec fermeture \u00e0 bouton mono-mat\u00e9riau sont brevet\u00e9s. La poign\u00e9e en cordon ou en ruban appliqu\u00e9 facilite l&rsquo;utilisation et le transport des bo\u00eetes grand format \u00e0 fond et couvercle recouverts de papier ou de tissu FSC, ce qui rend la bo\u00eete \u00e9l\u00e9gante, luxueuse et pratique. Nos bo\u00eetes sont pliables, pliables et pliantes, ce qui les rend 100 % durables.\u00a0 Avec la poign\u00e9e de transport, elles deviennent des SHOPPERS TR\u00c8S ELEGANTS, pratiques et RIGIDES, con\u00e7us pour le client final.\u00a0 Il s<strong>&lsquo;agit d&rsquo;une bo\u00eete adapt\u00e9e aux robes de mari\u00e9e, aux longues robes du soir, \u00e0 l&rsquo;ameublement, aux couvertures fines, au trousseau de maison, aux grands sacs et \u00e0 la valeur des chapeaux de c\u00e9r\u00e9monie ou des chapeaux haut de forme<\/strong>.\u00a0 Gaufrage \u00e0 chaud certifi\u00e9 avec relief artistique, gaufrage \u00e0 chaud avec d\u00e9bossage, gaufrage \u00e0 chaud ton sur ton, impression UV \u00e9paisse ou plate. Poign\u00e9es en corde naturelle, ruban de coton \u00e0 chevrons, ruban de polyester recycl\u00e9, caoutchouc de coton tiss\u00e9, etc.<\/p>\t\t\t\t\t\t\t\t<\/div>\n\t\t\t\t<\/div>\n\t\t\t\t\t<\/div>\n\t\t<\/div>\n\t\t\t\t\t<\/div>\n\t\t<\/section>\n\t\t\t\t<section class=\"elementor-section elementor-top-section elementor-element elementor-element-dcabbc6 elementor-section-boxed elementor-section-height-default elementor-section-height-default\" data-id=\"dcabbc6\" data-element_type=\"section\" data-e-type=\"section\">\n\t\t\t\t\t\t<div class=\"elementor-container elementor-column-gap-default\">\n\t\t\t\t\t<div class=\"elementor-column elementor-col-100 elementor-top-column elementor-element elementor-element-efde7cc\" data-id=\"efde7cc\" data-element_type=\"column\" data-e-type=\"column\">\n\t\t\t<div class=\"elementor-widget-wrap elementor-element-populated\">\n\t\t\t\t\t\t<div class=\"elementor-element elementor-element-101ab8f7 elementor-widget elementor-widget-heading\" data-id=\"101ab8f7\" data-element_type=\"widget\" data-e-type=\"widget\" data-widget_type=\"heading.default\">\n\t\t\t\t<div class=\"elementor-widget-container\">\n\t\t\t\t\t<h2 class=\"elementor-heading-title elementor-size-default\">Informations requises<\/h2>\t\t\t\t<\/div>\n\t\t\t\t<\/div>\n\t\t\t\t<div class=\"elementor-element elementor-element-0074031 elementor-button-align-stretch elementor-widget elementor-widget-global elementor-global-5465 elementor-widget-form\" data-id=\"0074031\" data-element_type=\"widget\" data-e-type=\"widget\" data-settings=\"{&quot;step_next_label&quot;:&quot;Successivo&quot;,&quot;step_previous_label&quot;:&quot;Precedente&quot;,&quot;button_width&quot;:&quot;100&quot;,&quot;step_type&quot;:&quot;number_text&quot;,&quot;step_icon_shape&quot;:&quot;circle&quot;}\" data-widget_type=\"form.default\">\n\t\t\t\t<div class=\"elementor-widget-container\">\n\t\t\t\t\t\t\t<form class=\"elementor-form\" method=\"post\" name=\"Contatto prodotto\" aria-label=\"Contatto prodotto\">\n\t\t\t<input type=\"hidden\" name=\"post_id\" value=\"4658\"\/>\n\t\t\t<input type=\"hidden\" name=\"form_id\" value=\"0074031\"\/>\n\t\t\t<input type=\"hidden\" name=\"referer_title\" value=\"BC Boncar\" \/>\n\n\t\t\t\n\t\t\t<div class=\"elementor-form-fields-wrapper elementor-labels-\">\n\t\t\t\t\t\t\t\t<div class=\"elementor-field-type-text elementor-field-group elementor-column elementor-field-group-name elementor-col-100\">\n\t\t\t\t\t\t\t\t\t\t\t\t<label for=\"form-field-name\" class=\"elementor-field-label elementor-screen-only\">\n\t\t\t\t\t\t\t\tNome\t\t\t\t\t\t\t<\/label>\n\t\t\t\t\t\t\t\t\t\t\t\t\t\t<input size=\"1\" type=\"text\" name=\"form_fields[name]\" id=\"form-field-name\" class=\"elementor-field elementor-size-sm  elementor-field-textual\" placeholder=\"Nome e Cognome\">\n\t\t\t\t\t\t\t\t\t\t\t<\/div>\n\t\t\t\t\t\t\t\t<div class=\"elementor-field-type-email elementor-field-group elementor-column elementor-field-group-email elementor-col-100 elementor-field-required\">\n\t\t\t\t\t\t\t\t\t\t\t\t<label for=\"form-field-email\" class=\"elementor-field-label elementor-screen-only\">\n\t\t\t\t\t\t\t\tEmail\t\t\t\t\t\t\t<\/label>\n\t\t\t\t\t\t\t\t\t\t\t\t\t\t<input size=\"1\" type=\"email\" name=\"form_fields[email]\" id=\"form-field-email\" class=\"elementor-field elementor-size-sm  elementor-field-textual\" placeholder=\"Indirizzo Email\" required=\"required\">\n\t\t\t\t\t\t\t\t\t\t\t<\/div>\n\t\t\t\t\t\t\t\t<div class=\"elementor-field-type-textarea elementor-field-group elementor-column elementor-field-group-message elementor-col-100\">\n\t\t\t\t\t\t\t\t\t\t\t\t<label for=\"form-field-message\" class=\"elementor-field-label elementor-screen-only\">\n\t\t\t\t\t\t\t\tMessaggio\t\t\t\t\t\t\t<\/label>\n\t\t\t\t\t\t<textarea class=\"elementor-field-textual elementor-field  elementor-size-sm\" name=\"form_fields[message]\" id=\"form-field-message\" rows=\"4\" placeholder=\"Messaggio\"><\/textarea>\t\t\t\t<\/div>\n\t\t\t\t\t\t\t\t<div class=\"elementor-field-type-acceptance elementor-field-group elementor-column elementor-field-group-field_6c7f27a elementor-col-100 elementor-field-required\">\n\t\t\t\t\t\t\t\t\t\t\t\t<label for=\"form-field-field_6c7f27a\" class=\"elementor-field-label elementor-screen-only\">\n\t\t\t\t\t\t\t\tPrivacy\t\t\t\t\t\t\t<\/label>\n\t\t\t\t\t\t\t\t<div class=\"elementor-field-subgroup\">\n\t\t\t<span class=\"elementor-field-option\">\n\t\t\t\t<input type=\"checkbox\" name=\"form_fields[field_6c7f27a]\" id=\"form-field-field_6c7f27a\" class=\"elementor-field elementor-size-sm  elementor-acceptance-field\" required=\"required\">\n\t\t\t\t<label for=\"form-field-field_6c7f27a\"><span style=\"font-size: 16px;\">Ho letto l'<a href=\"https:\/\/www.bcboncar.com\/privacy-policy\" style=\"color: #0F1B2C;\" target=\"_blank\">informativa<\/a> e autorizzo il trattamento dei miei dati personali<\/span><\/label>\t\t\t<\/span>\n\t\t<\/div>\n\t\t\t\t\t\t<\/div>\n\t\t\t\t\t\t\t\t<div class=\"elementor-field-type-recaptcha_v3 elementor-field-group elementor-column elementor-field-group-field_985bf6a elementor-col-100 recaptcha_v3-inline\">\n\t\t\t\t\t<div class=\"elementor-field\" id=\"form-field-field_985bf6a\"><div class=\"elementor-g-recaptcha\" data-sitekey=\"6LcljEkgAAAAAHelkIWpisz9R1Lg7ys4xX817RAP\" data-type=\"v3\" data-action=\"Form\" data-badge=\"inline\" data-size=\"invisible\"><\/div><\/div>\t\t\t\t<\/div>\n\t\t\t\t\t\t\t\t<div class=\"elementor-field-group elementor-column elementor-field-type-submit elementor-col-100 e-form__buttons\">\n\t\t\t\t\t<button class=\"elementor-button elementor-size-md\" type=\"submit\">\n\t\t\t\t\t\t<span class=\"elementor-button-content-wrapper\">\n\t\t\t\t\t\t\t\t\t\t\t\t\t\t\t\t\t\t\t\t\t\t<span class=\"elementor-button-text\">Invia richiesta<\/span>\n\t\t\t\t\t\t\t\t\t\t\t\t\t<\/span>\n\t\t\t\t\t<\/button>\n\t\t\t\t<\/div>\n\t\t\t<\/div>\n\t\t<\/form>\n\t\t\t\t\t\t<\/div>\n\t\t\t\t<\/div>\n\t\t\t\t<div class=\"elementor-element elementor-element-28c66b5a elementor-widget elementor-widget-spacer\" data-id=\"28c66b5a\" data-element_type=\"widget\" data-e-type=\"widget\" data-widget_type=\"spacer.default\">\n\t\t\t\t<div class=\"elementor-widget-container\">\n\t\t\t\t\t\t\t<div class=\"elementor-spacer\">\n\t\t\t<div class=\"elementor-spacer-inner\"><\/div>\n\t\t<\/div>\n\t\t\t\t\t\t<\/div>\n\t\t\t\t<\/div>\n\t\t\t\t<div class=\"elementor-element elementor-element-a3163fc elementor-widget elementor-widget-heading\" data-id=\"a3163fc\" data-element_type=\"widget\" data-e-type=\"widget\" data-widget_type=\"heading.default\">\n\t\t\t\t<div class=\"elementor-widget-container\">\n\t\t\t\t\t<h2 class=\"elementor-heading-title elementor-size-default\">Vous pourriez aussi \u00eatre int\u00e9ress\u00e9 par<\/h2>\t\t\t\t<\/div>\n\t\t\t\t<\/div>\n\t\t\t\t\t<\/div>\n\t\t<\/div>\n\t\t\t\t\t<\/div>\n\t\t<\/section>\n\t\t\t\t<section class=\"elementor-section elementor-top-section elementor-element elementor-element-75c7ec96 elementor-section-boxed elementor-section-height-default elementor-section-height-default\" data-id=\"75c7ec96\" data-element_type=\"section\" data-e-type=\"section\">\n\t\t\t\t\t\t<div class=\"elementor-container elementor-column-gap-default\">\n\t\t\t\t\t<div class=\"elementor-column elementor-col-33 elementor-top-column elementor-element elementor-element-63730e33\" data-id=\"63730e33\" data-element_type=\"column\" data-e-type=\"column\">\n\t\t\t<div class=\"elementor-widget-wrap elementor-element-populated\">\n\t\t\t\t\t\t<div class=\"elementor-element elementor-element-7d001b7 elementor-widget elementor-widget-image\" data-id=\"7d001b7\" data-element_type=\"widget\" data-e-type=\"widget\" data-widget_type=\"image.default\">\n\t\t\t\t<div class=\"elementor-widget-container\">\n\t\t\t\t\t\t\t\t\t\t\t\t\t\t\t\t<a href=\"https:\/\/www.bcboncar.com\/packaging-moda\/astuccio\">\n\t\t\t\t\t\t\t<img decoding=\"async\" src=\"https:\/\/www.bcboncar.com\/wp-content\/uploads\/2023\/02\/packaging-moda-astuccio.jpg\" title=\"\" alt=\"\" loading=\"lazy\" \/>\t\t\t\t\t\t\t\t<\/a>\n\t\t\t\t\t\t\t\t\t\t\t\t\t\t\t<\/div>\n\t\t\t\t<\/div>\n\t\t\t\t<div class=\"elementor-element elementor-element-40dc614 elementor-widget elementor-widget-heading\" data-id=\"40dc614\" data-element_type=\"widget\" data-e-type=\"widget\" data-widget_type=\"heading.default\">\n\t\t\t\t<div class=\"elementor-widget-container\">\n\t\t\t\t\t<h2 class=\"elementor-heading-title elementor-size-default\">Astuccio<\/h2>\t\t\t\t<\/div>\n\t\t\t\t<\/div>\n\t\t\t\t\t<\/div>\n\t\t<\/div>\n\t\t\t\t<div class=\"elementor-column elementor-col-33 elementor-top-column elementor-element elementor-element-39877e3d\" data-id=\"39877e3d\" data-element_type=\"column\" data-e-type=\"column\">\n\t\t\t<div class=\"elementor-widget-wrap elementor-element-populated\">\n\t\t\t\t\t\t<div class=\"elementor-element elementor-element-b6bf4b0 elementor-widget elementor-widget-image\" data-id=\"b6bf4b0\" data-element_type=\"widget\" data-e-type=\"widget\" data-widget_type=\"image.default\">\n\t\t\t\t<div class=\"elementor-widget-container\">\n\t\t\t\t\t\t\t\t\t\t\t\t\t\t\t\t<a href=\"https:\/\/www.bcboncar.com\/packaging-moda\/astuccio-cofanetto\">\n\t\t\t\t\t\t\t<img decoding=\"async\" width=\"800\" height=\"800\" src=\"https:\/\/www.bcboncar.com\/wp-content\/uploads\/2023\/02\/packaging-moda-astuccio-cofanetto.jpg\" class=\"attachment-large size-large wp-image-3934\" alt=\"\" srcset=\"https:\/\/www.bcboncar.com\/wp-content\/uploads\/2023\/02\/packaging-moda-astuccio-cofanetto.jpg 800w, https:\/\/www.bcboncar.com\/wp-content\/uploads\/2023\/02\/packaging-moda-astuccio-cofanetto-300x300.jpg 300w, https:\/\/www.bcboncar.com\/wp-content\/uploads\/2023\/02\/packaging-moda-astuccio-cofanetto-150x150.jpg 150w, https:\/\/www.bcboncar.com\/wp-content\/uploads\/2023\/02\/packaging-moda-astuccio-cofanetto-768x768.jpg 768w\" sizes=\"(max-width: 800px) 100vw, 800px\" \/>\t\t\t\t\t\t\t\t<\/a>\n\t\t\t\t\t\t\t\t\t\t\t\t\t\t\t<\/div>\n\t\t\t\t<\/div>\n\t\t\t\t<div class=\"elementor-element elementor-element-62f712d elementor-widget elementor-widget-heading\" data-id=\"62f712d\" data-element_type=\"widget\" data-e-type=\"widget\" data-widget_type=\"heading.default\">\n\t\t\t\t<div class=\"elementor-widget-container\">\n\t\t\t\t\t<h2 class=\"elementor-heading-title elementor-size-default\">Astuccio cofanetto<\/h2>\t\t\t\t<\/div>\n\t\t\t\t<\/div>\n\t\t\t\t\t<\/div>\n\t\t<\/div>\n\t\t\t\t<div class=\"elementor-column elementor-col-33 elementor-top-column elementor-element elementor-element-44b9053a\" data-id=\"44b9053a\" data-element_type=\"column\" data-e-type=\"column\">\n\t\t\t<div class=\"elementor-widget-wrap elementor-element-populated\">\n\t\t\t\t\t\t<div class=\"elementor-element elementor-element-3eac2c5 elementor-widget elementor-widget-image\" data-id=\"3eac2c5\" data-element_type=\"widget\" data-e-type=\"widget\" data-widget_type=\"image.default\">\n\t\t\t\t<div class=\"elementor-widget-container\">\n\t\t\t\t\t\t\t\t\t\t\t\t\t\t\t\t<a href=\"https:\/\/www.bcboncar.com\/packaging-moda\/scatole-per-cintura\/\">\n\t\t\t\t\t\t\t<img decoding=\"async\" width=\"800\" height=\"800\" src=\"https:\/\/www.bcboncar.com\/wp-content\/uploads\/2023\/01\/packaging-moda-scatole-per-cintura.jpg\" class=\"attachment-large size-large wp-image-3809\" alt=\"\" srcset=\"https:\/\/www.bcboncar.com\/wp-content\/uploads\/2023\/01\/packaging-moda-scatole-per-cintura.jpg 800w, https:\/\/www.bcboncar.com\/wp-content\/uploads\/2023\/01\/packaging-moda-scatole-per-cintura-300x300.jpg 300w, https:\/\/www.bcboncar.com\/wp-content\/uploads\/2023\/01\/packaging-moda-scatole-per-cintura-150x150.jpg 150w, https:\/\/www.bcboncar.com\/wp-content\/uploads\/2023\/01\/packaging-moda-scatole-per-cintura-768x768.jpg 768w\" sizes=\"(max-width: 800px) 100vw, 800px\" \/>\t\t\t\t\t\t\t\t<\/a>\n\t\t\t\t\t\t\t\t\t\t\t\t\t\t\t<\/div>\n\t\t\t\t<\/div>\n\t\t\t\t<div class=\"elementor-element elementor-element-28456f6 elementor-widget elementor-widget-heading\" data-id=\"28456f6\" data-element_type=\"widget\" data-e-type=\"widget\" data-widget_type=\"heading.default\">\n\t\t\t\t<div class=\"elementor-widget-container\">\n\t\t\t\t\t<h2 class=\"elementor-heading-title elementor-size-default\">Scatole per cintura<\/h2>\t\t\t\t<\/div>\n\t\t\t\t<\/div>\n\t\t\t\t\t<\/div>\n\t\t<\/div>\n\t\t\t\t\t<\/div>\n\t\t<\/section>\n\t\t\t\t<\/div>\n\t\t","protected":false},"excerpt":{"rendered":"<p>Bo\u00eetier inf\u00e9rieur et couvercle Nos clients ont toujours des exigences diff\u00e9rentes et, en fonction des articles \u00e0 prot\u00e9ger ou \u00e0 mettre en valeur, des productions ou des bo\u00eetes sp\u00e9ciales sont demand\u00e9es. Au fil du temps, nous avons r\u00e9pondu \u00e0 diverses demandes et trouv\u00e9 des solutions pour nos clients. La bo\u00eete \u00e0 fond et couvercle en [&hellip;]<\/p>\n","protected":false},"author":2,"featured_media":0,"parent":4621,"menu_order":0,"comment_status":"closed","ping_status":"closed","template":"","meta":{"footnotes":""},"class_list":["post-4658","page","type-page","status-publish","hentry"],"_links":{"self":[{"href":"https:\/\/www.bcboncar.com\/fr\/wp-json\/wp\/v2\/pages\/4658","targetHints":{"allow":["GET"]}}],"collection":[{"href":"https:\/\/www.bcboncar.com\/fr\/wp-json\/wp\/v2\/pages"}],"about":[{"href":"https:\/\/www.bcboncar.com\/fr\/wp-json\/wp\/v2\/types\/page"}],"author":[{"embeddable":true,"href":"https:\/\/www.bcboncar.com\/fr\/wp-json\/wp\/v2\/users\/2"}],"replies":[{"embeddable":true,"href":"https:\/\/www.bcboncar.com\/fr\/wp-json\/wp\/v2\/comments?post=4658"}],"version-history":[{"count":7,"href":"https:\/\/www.bcboncar.com\/fr\/wp-json\/wp\/v2\/pages\/4658\/revisions"}],"predecessor-version":[{"id":5717,"href":"https:\/\/www.bcboncar.com\/fr\/wp-json\/wp\/v2\/pages\/4658\/revisions\/5717"}],"up":[{"embeddable":true,"href":"https:\/\/www.bcboncar.com\/fr\/wp-json\/wp\/v2\/pages\/4621"}],"wp:attachment":[{"href":"https:\/\/www.bcboncar.com\/fr\/wp-json\/wp\/v2\/media?parent=4658"}],"curies":[{"name":"wp","href":"https:\/\/api.w.org\/{rel}","templated":true}]}}