{"id":4691,"date":"2023-06-05T19:22:09","date_gmt":"2023-06-05T19:22:09","guid":{"rendered":"https:\/\/www.bcboncar.com\/emballages-de-bijoux\/sacs-en-tissu\/"},"modified":"2023-06-05T19:22:36","modified_gmt":"2023-06-05T19:22:36","slug":"sacs-en-tissu","status":"publish","type":"page","link":"https:\/\/www.bcboncar.com\/fr\/emballages-de-bijoux\/sacs-en-tissu\/","title":{"rendered":"Sacs en tissu"},"content":{"rendered":"\t\t<div data-elementor-type=\"wp-page\" data-elementor-id=\"4691\" class=\"elementor elementor-4691\" data-elementor-post-type=\"page\">\n\t\t\t\t\t\t<section class=\"elementor-section elementor-top-section elementor-element elementor-element-377f6f68 elementor-section-boxed elementor-section-height-default elementor-section-height-default\" data-id=\"377f6f68\" data-element_type=\"section\" data-e-type=\"section\">\n\t\t\t\t\t\t<div class=\"elementor-container elementor-column-gap-default\">\n\t\t\t\t\t<div class=\"elementor-column elementor-col-50 elementor-top-column elementor-element elementor-element-65d066d1\" data-id=\"65d066d1\" data-element_type=\"column\" data-e-type=\"column\">\n\t\t\t<div class=\"elementor-widget-wrap elementor-element-populated\">\n\t\t\t\t\t\t<div class=\"elementor-element elementor-element-433413e6 elementor-widget elementor-widget-image\" data-id=\"433413e6\" data-element_type=\"widget\" data-e-type=\"widget\" data-widget_type=\"image.default\">\n\t\t\t\t<div class=\"elementor-widget-container\">\n\t\t\t\t\t\t\t\t\t\t\t\t\t\t\t<img fetchpriority=\"high\" decoding=\"async\" width=\"800\" height=\"800\" src=\"https:\/\/www.bcboncar.com\/wp-content\/uploads\/2022\/08\/sacchetti-tessuto-gioielleria.jpg\" class=\"attachment-large size-large wp-image-3187\" alt=\"\" srcset=\"https:\/\/www.bcboncar.com\/wp-content\/uploads\/2022\/08\/sacchetti-tessuto-gioielleria.jpg 800w, https:\/\/www.bcboncar.com\/wp-content\/uploads\/2022\/08\/sacchetti-tessuto-gioielleria-300x300.jpg 300w, https:\/\/www.bcboncar.com\/wp-content\/uploads\/2022\/08\/sacchetti-tessuto-gioielleria-150x150.jpg 150w, https:\/\/www.bcboncar.com\/wp-content\/uploads\/2022\/08\/sacchetti-tessuto-gioielleria-768x768.jpg 768w\" sizes=\"(max-width: 800px) 100vw, 800px\" \/>\t\t\t\t\t\t\t\t\t\t\t\t\t\t\t<\/div>\n\t\t\t\t<\/div>\n\t\t\t\t\t<\/div>\n\t\t<\/div>\n\t\t\t\t<div class=\"elementor-column elementor-col-50 elementor-top-column elementor-element elementor-element-26e3f4e4\" data-id=\"26e3f4e4\" data-element_type=\"column\" data-e-type=\"column\">\n\t\t\t<div class=\"elementor-widget-wrap elementor-element-populated\">\n\t\t\t\t\t\t<div class=\"elementor-element elementor-element-7d581939 premium-title-color elementor-widget elementor-widget-premium-addon-title\" data-id=\"7d581939\" data-element_type=\"widget\" data-e-type=\"widget\" data-widget_type=\"premium-addon-title.default\">\n\t\t\t\t<div class=\"elementor-widget-container\">\n\t\t\t\t\t\n\t\t<div class=\"premium-title-container style1\">\n\t\t\t<h1 class=\"premium-title-header premium-title-style1\">\n\t\t\t\t\n\t\t\t\t\n\t\t\t\t\t\t\t\t\t\t\t\t<span class=\"premium-title-text\">\n\t\t\t\t\tSacs en tissu\t\t\t\t<\/span>\n\t\t\t\t\t\n\t\t\t\t\t\t\t\t\n\t\t\t\t\t\t\t<\/h1>\n\n\t\t<\/div>\n\n\t\t\t\t\t\t<\/div>\n\t\t\t\t<\/div>\n\t\t\t\t<div class=\"elementor-element elementor-element-6118b56 elementor-widget elementor-widget-text-editor\" data-id=\"6118b56\" data-element_type=\"widget\" data-e-type=\"widget\" data-widget_type=\"text-editor.default\">\n\t\t\t\t<div class=\"elementor-widget-container\">\n\t\t\t\t\t\t\t\t\t<p>Les sacs en tissu sont des articles de premier prix. BC BONCAR peut transformer un article \u00ab\u00a0premier prix\u00a0\u00bb en une pochette de valeur. Il ne s&rsquo;agit pas d&rsquo;un simple morceau de tissu avec deux ficelles<strong>, mais d&rsquo;une pochette ou d&rsquo;un sac de protection pour votre article de valeur<\/strong>. Donnez la juste valeur \u00e0 votre produit avec une pochette\/\u00e9tui bien finie, avec une impression \u00e0 chaud ou en s\u00e9rigraphie, en tissu organza ou en tissu GOTS en coton naturel, avec une finition int\u00e9rieure en gaze ou, pour les plus exigeants, avec une lisi\u00e8re, un tissu merceris\u00e9 ou des cotons doublement torsad\u00e9s, du polyester recycl\u00e9, des microfibres. Le choix des cordons de fermeture, m\u00eame pour un sac de protection, ne doit pas \u00eatre laiss\u00e9 au hasard. BC BONCAR est toujours \u00e0 la recherche de nouveaux mat\u00e9riaux et de nouvelles id\u00e9es, m\u00eame pour les plus petits d\u00e9tails. Rien n&rsquo;est laiss\u00e9 au hasard ou improvis\u00e9. La recherche et le d\u00e9veloppement sont une \u00ab\u00a0marque de fabrique\u00a0\u00bb de BC BONCAR.<\/p><p>Des cordons en coton naturel GOTS, rubans en coton recycl\u00e9, cordons fabriqu\u00e9s \u00e0 partir de <strong>fils de papier 100 % recycl\u00e9s, <\/strong>cordons en polyester recycl\u00e9 PCW<strong>, rubans en satin double avec 50 % de fibres recycl\u00e9es. <\/strong>Nous pouvons maintenant r\u00e9aliser une impression personnalis\u00e9e avec votre nom de marque. Votre nom de marque est important et une impression est importante. Marquage \u00e0 chaud sur le sac en tissu, s\u00e9rigraphie.<\/p><p>\u00c0 partir d&rsquo;une simple pochette ou d&rsquo;un simple sac, vous pouvez \u00ab\u00a0r\u00e9v\u00e9ler\u00a0\u00bb le produit qu&rsquo;elle contient.<\/p>\t\t\t\t\t\t\t\t<\/div>\n\t\t\t\t<\/div>\n\t\t\t\t\t<\/div>\n\t\t<\/div>\n\t\t\t\t\t<\/div>\n\t\t<\/section>\n\t\t\t\t<section class=\"elementor-section elementor-top-section elementor-element elementor-element-3ecc7a91 elementor-section-boxed elementor-section-height-default elementor-section-height-default\" data-id=\"3ecc7a91\" data-element_type=\"section\" data-e-type=\"section\">\n\t\t\t\t\t\t<div class=\"elementor-container elementor-column-gap-default\">\n\t\t\t\t\t<div class=\"elementor-column elementor-col-100 elementor-top-column elementor-element elementor-element-11e9d395\" data-id=\"11e9d395\" data-element_type=\"column\" data-e-type=\"column\">\n\t\t\t<div class=\"elementor-widget-wrap elementor-element-populated\">\n\t\t\t\t\t\t<div class=\"elementor-element elementor-element-15d60b3d elementor-widget elementor-widget-heading\" data-id=\"15d60b3d\" data-element_type=\"widget\" data-e-type=\"widget\" data-widget_type=\"heading.default\">\n\t\t\t\t<div class=\"elementor-widget-container\">\n\t\t\t\t\t<h2 class=\"elementor-heading-title elementor-size-default\">Richiedi informazioni<\/h2>\t\t\t\t<\/div>\n\t\t\t\t<\/div>\n\t\t\t\t<div class=\"elementor-element elementor-element-1228a4f0 elementor-button-align-stretch elementor-widget elementor-widget-form\" data-id=\"1228a4f0\" data-element_type=\"widget\" data-e-type=\"widget\" data-settings=\"{&quot;step_next_label&quot;:&quot;Successivo&quot;,&quot;step_previous_label&quot;:&quot;Precedente&quot;,&quot;button_width&quot;:&quot;100&quot;,&quot;step_type&quot;:&quot;number_text&quot;,&quot;step_icon_shape&quot;:&quot;circle&quot;}\" data-widget_type=\"form.default\">\n\t\t\t\t<div class=\"elementor-widget-container\">\n\t\t\t\t\t\t\t<form class=\"elementor-form\" method=\"post\" name=\"Contatto prodotto\" aria-label=\"Contatto prodotto\">\n\t\t\t<input type=\"hidden\" name=\"post_id\" value=\"4691\"\/>\n\t\t\t<input type=\"hidden\" name=\"form_id\" value=\"1228a4f0\"\/>\n\t\t\t<input type=\"hidden\" name=\"referer_title\" value=\"Sacs en tissu\" \/>\n\n\t\t\t\t\t\t\t<input type=\"hidden\" name=\"queried_id\" value=\"4691\"\/>\n\t\t\t\n\t\t\t<div class=\"elementor-form-fields-wrapper elementor-labels-\">\n\t\t\t\t\t\t\t\t<div class=\"elementor-field-type-text elementor-field-group elementor-column elementor-field-group-name elementor-col-100\">\n\t\t\t\t\t\t\t\t\t\t\t\t<label for=\"form-field-name\" class=\"elementor-field-label elementor-screen-only\">\n\t\t\t\t\t\t\t\tNome\t\t\t\t\t\t\t<\/label>\n\t\t\t\t\t\t\t\t\t\t\t\t\t\t<input size=\"1\" type=\"text\" name=\"form_fields[name]\" id=\"form-field-name\" class=\"elementor-field elementor-size-sm  elementor-field-textual\" placeholder=\"Nome e Cognome\">\n\t\t\t\t\t\t\t\t\t\t\t<\/div>\n\t\t\t\t\t\t\t\t<div class=\"elementor-field-type-email elementor-field-group elementor-column elementor-field-group-email elementor-col-100 elementor-field-required\">\n\t\t\t\t\t\t\t\t\t\t\t\t<label for=\"form-field-email\" class=\"elementor-field-label elementor-screen-only\">\n\t\t\t\t\t\t\t\tEmail\t\t\t\t\t\t\t<\/label>\n\t\t\t\t\t\t\t\t\t\t\t\t\t\t<input size=\"1\" type=\"email\" name=\"form_fields[email]\" id=\"form-field-email\" class=\"elementor-field elementor-size-sm  elementor-field-textual\" placeholder=\"Indirizzo Email\" required=\"required\">\n\t\t\t\t\t\t\t\t\t\t\t<\/div>\n\t\t\t\t\t\t\t\t<div class=\"elementor-field-type-textarea elementor-field-group elementor-column elementor-field-group-message elementor-col-100\">\n\t\t\t\t\t\t\t\t\t\t\t\t<label for=\"form-field-message\" class=\"elementor-field-label elementor-screen-only\">\n\t\t\t\t\t\t\t\tMessaggio\t\t\t\t\t\t\t<\/label>\n\t\t\t\t\t\t<textarea class=\"elementor-field-textual elementor-field  elementor-size-sm\" name=\"form_fields[message]\" id=\"form-field-message\" rows=\"4\" placeholder=\"Messaggio\"><\/textarea>\t\t\t\t<\/div>\n\t\t\t\t\t\t\t\t<div class=\"elementor-field-group elementor-column elementor-field-type-submit elementor-col-100 e-form__buttons\">\n\t\t\t\t\t<button class=\"elementor-button elementor-size-md\" type=\"submit\">\n\t\t\t\t\t\t<span class=\"elementor-button-content-wrapper\">\n\t\t\t\t\t\t\t\t\t\t\t\t\t\t\t\t\t\t\t\t\t\t<span class=\"elementor-button-text\">Invia richiesta<\/span>\n\t\t\t\t\t\t\t\t\t\t\t\t\t<\/span>\n\t\t\t\t\t<\/button>\n\t\t\t\t<\/div>\n\t\t\t<\/div>\n\t\t<\/form>\n\t\t\t\t\t\t<\/div>\n\t\t\t\t<\/div>\n\t\t\t\t<div class=\"elementor-element elementor-element-365b0f61 elementor-widget elementor-widget-spacer\" data-id=\"365b0f61\" data-element_type=\"widget\" data-e-type=\"widget\" data-widget_type=\"spacer.default\">\n\t\t\t\t<div class=\"elementor-widget-container\">\n\t\t\t\t\t\t\t<div class=\"elementor-spacer\">\n\t\t\t<div class=\"elementor-spacer-inner\"><\/div>\n\t\t<\/div>\n\t\t\t\t\t\t<\/div>\n\t\t\t\t<\/div>\n\t\t\t\t<div class=\"elementor-element elementor-element-1c12a00b elementor-widget elementor-widget-heading\" data-id=\"1c12a00b\" data-element_type=\"widget\" data-e-type=\"widget\" data-widget_type=\"heading.default\">\n\t\t\t\t<div class=\"elementor-widget-container\">\n\t\t\t\t\t<h2 class=\"elementor-heading-title elementor-size-default\">Ti potrebbe interessare anche<\/h2>\t\t\t\t<\/div>\n\t\t\t\t<\/div>\n\t\t\t\t\t<\/div>\n\t\t<\/div>\n\t\t\t\t\t<\/div>\n\t\t<\/section>\n\t\t\t\t<section class=\"elementor-section elementor-top-section elementor-element elementor-element-75c7ec96 elementor-section-boxed elementor-section-height-default elementor-section-height-default\" data-id=\"75c7ec96\" data-element_type=\"section\" data-e-type=\"section\">\n\t\t\t\t\t\t<div class=\"elementor-container elementor-column-gap-default\">\n\t\t\t\t\t<div class=\"elementor-column elementor-col-33 elementor-top-column elementor-element elementor-element-63730e33\" data-id=\"63730e33\" data-element_type=\"column\" data-e-type=\"column\">\n\t\t\t<div class=\"elementor-widget-wrap elementor-element-populated\">\n\t\t\t\t\t\t<div class=\"elementor-element elementor-element-7d001b7 elementor-widget elementor-widget-image\" data-id=\"7d001b7\" data-element_type=\"widget\" data-e-type=\"widget\" data-widget_type=\"image.default\">\n\t\t\t\t<div class=\"elementor-widget-container\">\n\t\t\t\t\t\t\t\t\t\t\t\t\t\t\t\t<a href=\"https:\/\/www.bcboncar.com\/packaging-gioielleria\/scatole-per-gioielli\/\">\n\t\t\t\t\t\t\t<img decoding=\"async\" width=\"800\" height=\"800\" src=\"https:\/\/www.bcboncar.com\/wp-content\/uploads\/2023\/02\/packaging-gioielli-scatola-gioiello.jpg\" class=\"attachment-large size-large wp-image-4013\" alt=\"\" srcset=\"https:\/\/www.bcboncar.com\/wp-content\/uploads\/2023\/02\/packaging-gioielli-scatola-gioiello.jpg 800w, https:\/\/www.bcboncar.com\/wp-content\/uploads\/2023\/02\/packaging-gioielli-scatola-gioiello-300x300.jpg 300w, https:\/\/www.bcboncar.com\/wp-content\/uploads\/2023\/02\/packaging-gioielli-scatola-gioiello-150x150.jpg 150w, https:\/\/www.bcboncar.com\/wp-content\/uploads\/2023\/02\/packaging-gioielli-scatola-gioiello-768x768.jpg 768w\" sizes=\"(max-width: 800px) 100vw, 800px\" \/>\t\t\t\t\t\t\t\t<\/a>\n\t\t\t\t\t\t\t\t\t\t\t\t\t\t\t<\/div>\n\t\t\t\t<\/div>\n\t\t\t\t<div class=\"elementor-element elementor-element-40dc614 elementor-widget elementor-widget-heading\" data-id=\"40dc614\" data-element_type=\"widget\" data-e-type=\"widget\" data-widget_type=\"heading.default\">\n\t\t\t\t<div class=\"elementor-widget-container\">\n\t\t\t\t\t<h2 class=\"elementor-heading-title elementor-size-default\">Scatola gioiello<\/h2>\t\t\t\t<\/div>\n\t\t\t\t<\/div>\n\t\t\t\t\t<\/div>\n\t\t<\/div>\n\t\t\t\t<div class=\"elementor-column elementor-col-33 elementor-top-column elementor-element elementor-element-39877e3d\" data-id=\"39877e3d\" data-element_type=\"column\" data-e-type=\"column\">\n\t\t\t<div class=\"elementor-widget-wrap elementor-element-populated\">\n\t\t\t\t\t\t<div class=\"elementor-element elementor-element-b6bf4b0 elementor-widget elementor-widget-image\" data-id=\"b6bf4b0\" data-element_type=\"widget\" data-e-type=\"widget\" data-widget_type=\"image.default\">\n\t\t\t\t<div class=\"elementor-widget-container\">\n\t\t\t\t\t\t\t\t\t\t\t\t\t\t\t\t<a href=\"https:\/\/www.bcboncar.com\/packaging-gioielleria\/set-packaging-gioiello\">\n\t\t\t\t\t\t\t<img decoding=\"async\" width=\"800\" height=\"800\" src=\"https:\/\/www.bcboncar.com\/wp-content\/uploads\/2022\/08\/scatole-per-gioielli.jpg\" class=\"attachment-large size-large wp-image-3184\" alt=\"\" srcset=\"https:\/\/www.bcboncar.com\/wp-content\/uploads\/2022\/08\/scatole-per-gioielli.jpg 800w, https:\/\/www.bcboncar.com\/wp-content\/uploads\/2022\/08\/scatole-per-gioielli-300x300.jpg 300w, https:\/\/www.bcboncar.com\/wp-content\/uploads\/2022\/08\/scatole-per-gioielli-150x150.jpg 150w, https:\/\/www.bcboncar.com\/wp-content\/uploads\/2022\/08\/scatole-per-gioielli-768x768.jpg 768w\" sizes=\"(max-width: 800px) 100vw, 800px\" \/>\t\t\t\t\t\t\t\t<\/a>\n\t\t\t\t\t\t\t\t\t\t\t\t\t\t\t<\/div>\n\t\t\t\t<\/div>\n\t\t\t\t<div class=\"elementor-element elementor-element-62f712d elementor-widget elementor-widget-heading\" data-id=\"62f712d\" data-element_type=\"widget\" data-e-type=\"widget\" data-widget_type=\"heading.default\">\n\t\t\t\t<div class=\"elementor-widget-container\">\n\t\t\t\t\t<h2 class=\"elementor-heading-title elementor-size-default\">Set packaging gioiello<\/h2>\t\t\t\t<\/div>\n\t\t\t\t<\/div>\n\t\t\t\t\t<\/div>\n\t\t<\/div>\n\t\t\t\t<div class=\"elementor-column elementor-col-33 elementor-top-column elementor-element elementor-element-44b9053a\" data-id=\"44b9053a\" data-element_type=\"column\" data-e-type=\"column\">\n\t\t\t<div class=\"elementor-widget-wrap elementor-element-populated\">\n\t\t\t\t\t\t<div class=\"elementor-element elementor-element-3eac2c5 elementor-widget elementor-widget-image\" data-id=\"3eac2c5\" data-element_type=\"widget\" data-e-type=\"widget\" data-widget_type=\"image.default\">\n\t\t\t\t<div class=\"elementor-widget-container\">\n\t\t\t\t\t\t\t\t\t\t\t\t\t\t\t\t<a href=\"https:\/\/www.bcboncar.com\/packaging-gioielleria\/scatole-per-bijoux\/\">\n\t\t\t\t\t\t\t<img loading=\"lazy\" decoding=\"async\" width=\"800\" height=\"800\" src=\"https:\/\/www.bcboncar.com\/wp-content\/uploads\/2022\/09\/packaging-gioielli-scatole-bijoux.jpg\" class=\"attachment-large size-large wp-image-3485\" alt=\"\" srcset=\"https:\/\/www.bcboncar.com\/wp-content\/uploads\/2022\/09\/packaging-gioielli-scatole-bijoux.jpg 800w, https:\/\/www.bcboncar.com\/wp-content\/uploads\/2022\/09\/packaging-gioielli-scatole-bijoux-300x300.jpg 300w, https:\/\/www.bcboncar.com\/wp-content\/uploads\/2022\/09\/packaging-gioielli-scatole-bijoux-150x150.jpg 150w, https:\/\/www.bcboncar.com\/wp-content\/uploads\/2022\/09\/packaging-gioielli-scatole-bijoux-768x768.jpg 768w\" sizes=\"(max-width: 800px) 100vw, 800px\" \/>\t\t\t\t\t\t\t\t<\/a>\n\t\t\t\t\t\t\t\t\t\t\t\t\t\t\t<\/div>\n\t\t\t\t<\/div>\n\t\t\t\t<div class=\"elementor-element elementor-element-28456f6 elementor-widget elementor-widget-heading\" data-id=\"28456f6\" data-element_type=\"widget\" data-e-type=\"widget\" data-widget_type=\"heading.default\">\n\t\t\t\t<div class=\"elementor-widget-container\">\n\t\t\t\t\t<h2 class=\"elementor-heading-title elementor-size-default\">Scatole per bijoux<\/h2>\t\t\t\t<\/div>\n\t\t\t\t<\/div>\n\t\t\t\t\t<\/div>\n\t\t<\/div>\n\t\t\t\t\t<\/div>\n\t\t<\/section>\n\t\t\t\t<\/div>\n\t\t","protected":false},"excerpt":{"rendered":"<p>Sacs en tissu Les sacs en tissu sont des articles de premier prix. BC BONCAR peut transformer un article \u00ab\u00a0premier prix\u00a0\u00bb en une pochette de valeur. Il ne s&rsquo;agit pas d&rsquo;un simple morceau de tissu avec deux ficelles, mais d&rsquo;une pochette ou d&rsquo;un sac de protection pour votre article de valeur. Donnez la juste valeur [&hellip;]<\/p>\n","protected":false},"author":2,"featured_media":0,"parent":4673,"menu_order":0,"comment_status":"closed","ping_status":"closed","template":"","meta":{"footnotes":""},"class_list":["post-4691","page","type-page","status-publish","hentry"],"_links":{"self":[{"href":"https:\/\/www.bcboncar.com\/fr\/wp-json\/wp\/v2\/pages\/4691","targetHints":{"allow":["GET"]}}],"collection":[{"href":"https:\/\/www.bcboncar.com\/fr\/wp-json\/wp\/v2\/pages"}],"about":[{"href":"https:\/\/www.bcboncar.com\/fr\/wp-json\/wp\/v2\/types\/page"}],"author":[{"embeddable":true,"href":"https:\/\/www.bcboncar.com\/fr\/wp-json\/wp\/v2\/users\/2"}],"replies":[{"embeddable":true,"href":"https:\/\/www.bcboncar.com\/fr\/wp-json\/wp\/v2\/comments?post=4691"}],"version-history":[{"count":4,"href":"https:\/\/www.bcboncar.com\/fr\/wp-json\/wp\/v2\/pages\/4691\/revisions"}],"predecessor-version":[{"id":4695,"href":"https:\/\/www.bcboncar.com\/fr\/wp-json\/wp\/v2\/pages\/4691\/revisions\/4695"}],"up":[{"embeddable":true,"href":"https:\/\/www.bcboncar.com\/fr\/wp-json\/wp\/v2\/pages\/4673"}],"wp:attachment":[{"href":"https:\/\/www.bcboncar.com\/fr\/wp-json\/wp\/v2\/media?parent=4691"}],"curies":[{"name":"wp","href":"https:\/\/api.w.org\/{rel}","templated":true}]}}