{"id":4696,"date":"2023-06-05T19:23:51","date_gmt":"2023-06-05T19:23:51","guid":{"rendered":"https:\/\/www.bcboncar.com\/emballages-de-bijoux\/boites-a-bijoux-2\/"},"modified":"2023-08-27T16:42:43","modified_gmt":"2023-08-27T16:42:43","slug":"boites-a-bijoux-2","status":"publish","type":"page","link":"https:\/\/www.bcboncar.com\/fr\/emballages-de-bijoux\/tissu-a-bijoux\/","title":{"rendered":"Bo\u00eetes \u00e0 bijoux"},"content":{"rendered":"\t\t<div data-elementor-type=\"wp-page\" data-elementor-id=\"4696\" class=\"elementor elementor-4696\" data-elementor-post-type=\"page\">\n\t\t\t\t\t\t<section class=\"elementor-section elementor-top-section elementor-element elementor-element-377f6f68 elementor-section-boxed elementor-section-height-default elementor-section-height-default\" data-id=\"377f6f68\" data-element_type=\"section\" data-e-type=\"section\">\n\t\t\t\t\t\t<div class=\"elementor-container elementor-column-gap-default\">\n\t\t\t\t\t<div class=\"elementor-column elementor-col-50 elementor-top-column elementor-element elementor-element-65d066d1\" data-id=\"65d066d1\" data-element_type=\"column\" data-e-type=\"column\">\n\t\t\t<div class=\"elementor-widget-wrap elementor-element-populated\">\n\t\t\t\t\t\t<div class=\"elementor-element elementor-element-433413e6 elementor-widget elementor-widget-image\" data-id=\"433413e6\" data-element_type=\"widget\" data-e-type=\"widget\" data-widget_type=\"image.default\">\n\t\t\t\t<div class=\"elementor-widget-container\">\n\t\t\t\t\t\t\t\t\t\t\t\t\t\t\t<img fetchpriority=\"high\" decoding=\"async\" width=\"800\" height=\"800\" src=\"https:\/\/www.bcboncar.com\/wp-content\/uploads\/2022\/09\/packaging-gioielli-scatole-bijoux.jpg\" class=\"attachment-large size-large wp-image-3485\" alt=\"\" srcset=\"https:\/\/www.bcboncar.com\/wp-content\/uploads\/2022\/09\/packaging-gioielli-scatole-bijoux.jpg 800w, https:\/\/www.bcboncar.com\/wp-content\/uploads\/2022\/09\/packaging-gioielli-scatole-bijoux-300x300.jpg 300w, https:\/\/www.bcboncar.com\/wp-content\/uploads\/2022\/09\/packaging-gioielli-scatole-bijoux-150x150.jpg 150w, https:\/\/www.bcboncar.com\/wp-content\/uploads\/2022\/09\/packaging-gioielli-scatole-bijoux-768x768.jpg 768w\" sizes=\"(max-width: 800px) 100vw, 800px\" \/>\t\t\t\t\t\t\t\t\t\t\t\t\t\t\t<\/div>\n\t\t\t\t<\/div>\n\t\t\t\t\t<\/div>\n\t\t<\/div>\n\t\t\t\t<div class=\"elementor-column elementor-col-50 elementor-top-column elementor-element elementor-element-26e3f4e4\" data-id=\"26e3f4e4\" data-element_type=\"column\" data-e-type=\"column\">\n\t\t\t<div class=\"elementor-widget-wrap elementor-element-populated\">\n\t\t\t\t\t\t<div class=\"elementor-element elementor-element-7d581939 premium-title-color elementor-widget elementor-widget-premium-addon-title\" data-id=\"7d581939\" data-element_type=\"widget\" data-e-type=\"widget\" data-widget_type=\"premium-addon-title.default\">\n\t\t\t\t<div class=\"elementor-widget-container\">\n\t\t\t\t\t\n\t\t<div class=\"premium-title-container style1\">\n\t\t\t<h1 class=\"premium-title-header premium-title-style1\">\n\t\t\t\t\n\t\t\t\t\n\t\t\t\t\t\t\t\t\t\t\t\t<span class=\"premium-title-text\">\n\t\t\t\t\tBo\u00eetes \u00e0 bijoux\t\t\t\t<\/span>\n\t\t\t\t\t\n\t\t\t\t\t\t\t\t\n\t\t\t\t\t\t\t<\/h1>\n\n\t\t<\/div>\n\n\t\t\t\t\t\t<\/div>\n\t\t\t\t<\/div>\n\t\t\t\t<div class=\"elementor-element elementor-element-6118b56 elementor-widget elementor-widget-text-editor\" data-id=\"6118b56\" data-element_type=\"widget\" data-e-type=\"widget\" data-widget_type=\"text-editor.default\">\n\t\t\t\t<div class=\"elementor-widget-container\">\n\t\t\t\t\t\t\t\t\t<p><strong>Ne jamais \u00eatre insignifiant\u00a0\u00bb<\/strong>. Une bo\u00eete\/sac semi-rigide en tissu satin\u00e9, coton, nylon, TNT. L&rsquo;exp\u00e9rience de l&rsquo;\u00e9quipe de BC BONCAR dans diff\u00e9rents domaines est une combinaison qui permet de cr\u00e9er et de repenser l&#8217;emballage d&rsquo;une mani\u00e8re totalement nouvelle.<\/p><p>Une bo\u00eete carr\u00e9e \u00e0 l&rsquo;int\u00e9rieur, combin\u00e9e \u00e0 un sac en tissu avec une finition en fil de fer, rend l&#8217;emballage unique et recyclable d&rsquo;un point de vue durable. L&#8217;emballage lui-m\u00eame devient un \u00ab\u00a0produit\u00a0\u00bb pour contenir un bijou pr\u00e9cieux, un collier, un bracelet, une cr\u00e8me ou tout autre de vos produits qui peut \u00eatre plac\u00e9 sur un coussin en tissu ou sur une base en carton recouverte de tissu et fa\u00e7onn\u00e9e. Les solutions sont multiples \u00e0 condition de savoir quel produit vous voulez habiller.<\/p><p>Enfin, l&#8217;emballage est certainement r\u00e9utilisable et esth\u00e9tiquement int\u00e9ressant. Il peut \u00eatre plac\u00e9 dans des environnements tels que la salle de bains, o\u00f9 il fait partie du mobilier, ou la chambre \u00e0 coucher, sur la table de chevet, pour y placer des boucles d&rsquo;oreilles, des colliers, des bracelets et des bagues.<\/p><p><strong>L&#8217;emballage de BC BONCAR n&rsquo;est jamais une fin en soi<\/strong>, il est con\u00e7u pour avoir \u00ab\u00a0plus de vie\u00a0\u00bb dans le circuit de durabilit\u00e9, ou pour devenir une bo\u00eete cadeau\u00a0<\/p><p>De nombreux tissus peuvent \u00eatre utilis\u00e9s, toile de coton, coton torsad\u00e9, tous nos tissus de coton sont certifi\u00e9s Gots tandis que les fibres synth\u00e9tiques sont d\u00e9riv\u00e9es de tissus recycl\u00e9s.<\/p><p>Les impressions sont r\u00e9alis\u00e9es \u00e0 chaud, par transfert ou par s\u00e9rigraphie<\/p>\t\t\t\t\t\t\t\t<\/div>\n\t\t\t\t<\/div>\n\t\t\t\t\t<\/div>\n\t\t<\/div>\n\t\t\t\t\t<\/div>\n\t\t<\/section>\n\t\t\t\t<section class=\"elementor-section elementor-top-section elementor-element elementor-element-3ecc7a91 elementor-section-boxed elementor-section-height-default elementor-section-height-default\" data-id=\"3ecc7a91\" data-element_type=\"section\" data-e-type=\"section\">\n\t\t\t\t\t\t<div class=\"elementor-container elementor-column-gap-default\">\n\t\t\t\t\t<div class=\"elementor-column elementor-col-100 elementor-top-column elementor-element elementor-element-11e9d395\" data-id=\"11e9d395\" data-element_type=\"column\" data-e-type=\"column\">\n\t\t\t<div class=\"elementor-widget-wrap elementor-element-populated\">\n\t\t\t\t\t\t<div class=\"elementor-element elementor-element-15d60b3d elementor-widget elementor-widget-heading\" data-id=\"15d60b3d\" data-element_type=\"widget\" data-e-type=\"widget\" data-widget_type=\"heading.default\">\n\t\t\t\t<div class=\"elementor-widget-container\">\n\t\t\t\t\t<h2 class=\"elementor-heading-title elementor-size-default\">Informations requises<\/h2>\t\t\t\t<\/div>\n\t\t\t\t<\/div>\n\t\t\t\t<div class=\"elementor-element elementor-element-5fe6189 elementor-button-align-stretch elementor-widget elementor-widget-global elementor-global-5465 elementor-widget-form\" data-id=\"5fe6189\" data-element_type=\"widget\" data-e-type=\"widget\" data-settings=\"{&quot;step_next_label&quot;:&quot;Successivo&quot;,&quot;step_previous_label&quot;:&quot;Precedente&quot;,&quot;button_width&quot;:&quot;100&quot;,&quot;step_type&quot;:&quot;number_text&quot;,&quot;step_icon_shape&quot;:&quot;circle&quot;}\" data-widget_type=\"form.default\">\n\t\t\t\t<div class=\"elementor-widget-container\">\n\t\t\t\t\t\t\t<form class=\"elementor-form\" method=\"post\" name=\"Contatto prodotto\" aria-label=\"Contatto prodotto\">\n\t\t\t<input type=\"hidden\" name=\"post_id\" value=\"4696\"\/>\n\t\t\t<input type=\"hidden\" name=\"form_id\" value=\"5fe6189\"\/>\n\t\t\t<input type=\"hidden\" name=\"referer_title\" value=\"BC Boncar\" \/>\n\n\t\t\t\n\t\t\t<div class=\"elementor-form-fields-wrapper elementor-labels-\">\n\t\t\t\t\t\t\t\t<div class=\"elementor-field-type-text elementor-field-group elementor-column elementor-field-group-name elementor-col-100\">\n\t\t\t\t\t\t\t\t\t\t\t\t<label for=\"form-field-name\" class=\"elementor-field-label elementor-screen-only\">\n\t\t\t\t\t\t\t\tNome\t\t\t\t\t\t\t<\/label>\n\t\t\t\t\t\t\t\t\t\t\t\t\t\t<input size=\"1\" type=\"text\" name=\"form_fields[name]\" id=\"form-field-name\" class=\"elementor-field elementor-size-sm  elementor-field-textual\" placeholder=\"Nome e Cognome\">\n\t\t\t\t\t\t\t\t\t\t\t<\/div>\n\t\t\t\t\t\t\t\t<div class=\"elementor-field-type-email elementor-field-group elementor-column elementor-field-group-email elementor-col-100 elementor-field-required\">\n\t\t\t\t\t\t\t\t\t\t\t\t<label for=\"form-field-email\" class=\"elementor-field-label elementor-screen-only\">\n\t\t\t\t\t\t\t\tEmail\t\t\t\t\t\t\t<\/label>\n\t\t\t\t\t\t\t\t\t\t\t\t\t\t<input size=\"1\" type=\"email\" name=\"form_fields[email]\" id=\"form-field-email\" class=\"elementor-field elementor-size-sm  elementor-field-textual\" placeholder=\"Indirizzo Email\" required=\"required\">\n\t\t\t\t\t\t\t\t\t\t\t<\/div>\n\t\t\t\t\t\t\t\t<div class=\"elementor-field-type-textarea elementor-field-group elementor-column elementor-field-group-message elementor-col-100\">\n\t\t\t\t\t\t\t\t\t\t\t\t<label for=\"form-field-message\" class=\"elementor-field-label elementor-screen-only\">\n\t\t\t\t\t\t\t\tMessaggio\t\t\t\t\t\t\t<\/label>\n\t\t\t\t\t\t<textarea class=\"elementor-field-textual elementor-field  elementor-size-sm\" name=\"form_fields[message]\" id=\"form-field-message\" rows=\"4\" placeholder=\"Messaggio\"><\/textarea>\t\t\t\t<\/div>\n\t\t\t\t\t\t\t\t<div class=\"elementor-field-type-acceptance elementor-field-group elementor-column elementor-field-group-field_6c7f27a elementor-col-100 elementor-field-required\">\n\t\t\t\t\t\t\t\t\t\t\t\t<label for=\"form-field-field_6c7f27a\" class=\"elementor-field-label elementor-screen-only\">\n\t\t\t\t\t\t\t\tPrivacy\t\t\t\t\t\t\t<\/label>\n\t\t\t\t\t\t\t\t<div class=\"elementor-field-subgroup\">\n\t\t\t<span class=\"elementor-field-option\">\n\t\t\t\t<input type=\"checkbox\" name=\"form_fields[field_6c7f27a]\" id=\"form-field-field_6c7f27a\" class=\"elementor-field elementor-size-sm  elementor-acceptance-field\" required=\"required\">\n\t\t\t\t<label for=\"form-field-field_6c7f27a\"><span style=\"font-size: 16px;\">Ho letto l'<a href=\"https:\/\/www.bcboncar.com\/privacy-policy\" style=\"color: #0F1B2C;\" target=\"_blank\">informativa<\/a> e autorizzo il trattamento dei miei dati personali<\/span><\/label>\t\t\t<\/span>\n\t\t<\/div>\n\t\t\t\t\t\t<\/div>\n\t\t\t\t\t\t\t\t<div class=\"elementor-field-type-recaptcha_v3 elementor-field-group elementor-column elementor-field-group-field_985bf6a elementor-col-100 recaptcha_v3-inline\">\n\t\t\t\t\t<div class=\"elementor-field\" id=\"form-field-field_985bf6a\"><div class=\"elementor-g-recaptcha\" data-sitekey=\"6LcljEkgAAAAAHelkIWpisz9R1Lg7ys4xX817RAP\" data-type=\"v3\" data-action=\"Form\" data-badge=\"inline\" data-size=\"invisible\"><\/div><\/div>\t\t\t\t<\/div>\n\t\t\t\t\t\t\t\t<div class=\"elementor-field-group elementor-column elementor-field-type-submit elementor-col-100 e-form__buttons\">\n\t\t\t\t\t<button class=\"elementor-button elementor-size-md\" type=\"submit\">\n\t\t\t\t\t\t<span class=\"elementor-button-content-wrapper\">\n\t\t\t\t\t\t\t\t\t\t\t\t\t\t\t\t\t\t\t\t\t\t<span class=\"elementor-button-text\">Invia richiesta<\/span>\n\t\t\t\t\t\t\t\t\t\t\t\t\t<\/span>\n\t\t\t\t\t<\/button>\n\t\t\t\t<\/div>\n\t\t\t<\/div>\n\t\t<\/form>\n\t\t\t\t\t\t<\/div>\n\t\t\t\t<\/div>\n\t\t\t\t<div class=\"elementor-element elementor-element-365b0f61 elementor-widget elementor-widget-spacer\" data-id=\"365b0f61\" data-element_type=\"widget\" data-e-type=\"widget\" data-widget_type=\"spacer.default\">\n\t\t\t\t<div class=\"elementor-widget-container\">\n\t\t\t\t\t\t\t<div class=\"elementor-spacer\">\n\t\t\t<div class=\"elementor-spacer-inner\"><\/div>\n\t\t<\/div>\n\t\t\t\t\t\t<\/div>\n\t\t\t\t<\/div>\n\t\t\t\t<div class=\"elementor-element elementor-element-1c12a00b elementor-widget elementor-widget-heading\" data-id=\"1c12a00b\" data-element_type=\"widget\" data-e-type=\"widget\" data-widget_type=\"heading.default\">\n\t\t\t\t<div class=\"elementor-widget-container\">\n\t\t\t\t\t<h2 class=\"elementor-heading-title elementor-size-default\">Vous pourriez aussi \u00eatre int\u00e9ress\u00e9 par<\/h2>\t\t\t\t<\/div>\n\t\t\t\t<\/div>\n\t\t\t\t\t<\/div>\n\t\t<\/div>\n\t\t\t\t\t<\/div>\n\t\t<\/section>\n\t\t\t\t<section class=\"elementor-section elementor-top-section elementor-element elementor-element-75c7ec96 elementor-section-boxed elementor-section-height-default elementor-section-height-default\" data-id=\"75c7ec96\" data-element_type=\"section\" data-e-type=\"section\">\n\t\t\t\t\t\t<div class=\"elementor-container elementor-column-gap-default\">\n\t\t\t\t\t<div class=\"elementor-column elementor-col-33 elementor-top-column elementor-element elementor-element-63730e33\" data-id=\"63730e33\" data-element_type=\"column\" data-e-type=\"column\">\n\t\t\t<div class=\"elementor-widget-wrap elementor-element-populated\">\n\t\t\t\t\t\t<div class=\"elementor-element elementor-element-7d001b7 elementor-widget elementor-widget-image\" data-id=\"7d001b7\" data-element_type=\"widget\" data-e-type=\"widget\" data-widget_type=\"image.default\">\n\t\t\t\t<div class=\"elementor-widget-container\">\n\t\t\t\t\t\t\t\t\t\t\t\t\t\t\t\t<a href=\"https:\/\/www.bcboncar.com\/fr\/emballages-de-bijoux\/boites-a-bijoux\/\">\n\t\t\t\t\t\t\t<img decoding=\"async\" width=\"800\" height=\"800\" src=\"https:\/\/www.bcboncar.com\/wp-content\/uploads\/2023\/02\/packaging-gioielli-scatola-gioiello.jpg\" class=\"attachment-large size-large wp-image-4013\" alt=\"\" srcset=\"https:\/\/www.bcboncar.com\/wp-content\/uploads\/2023\/02\/packaging-gioielli-scatola-gioiello.jpg 800w, https:\/\/www.bcboncar.com\/wp-content\/uploads\/2023\/02\/packaging-gioielli-scatola-gioiello-300x300.jpg 300w, https:\/\/www.bcboncar.com\/wp-content\/uploads\/2023\/02\/packaging-gioielli-scatola-gioiello-150x150.jpg 150w, https:\/\/www.bcboncar.com\/wp-content\/uploads\/2023\/02\/packaging-gioielli-scatola-gioiello-768x768.jpg 768w\" sizes=\"(max-width: 800px) 100vw, 800px\" \/>\t\t\t\t\t\t\t\t<\/a>\n\t\t\t\t\t\t\t\t\t\t\t\t\t\t\t<\/div>\n\t\t\t\t<\/div>\n\t\t\t\t<div class=\"elementor-element elementor-element-40dc614 elementor-widget elementor-widget-heading\" data-id=\"40dc614\" data-element_type=\"widget\" data-e-type=\"widget\" data-widget_type=\"heading.default\">\n\t\t\t\t<div class=\"elementor-widget-container\">\n\t\t\t\t\t<h2 class=\"elementor-heading-title elementor-size-default\">Bo\u00eetes \u00e0 bijoux<\/h2>\t\t\t\t<\/div>\n\t\t\t\t<\/div>\n\t\t\t\t\t<\/div>\n\t\t<\/div>\n\t\t\t\t<div class=\"elementor-column elementor-col-33 elementor-top-column elementor-element elementor-element-39877e3d\" data-id=\"39877e3d\" data-element_type=\"column\" data-e-type=\"column\">\n\t\t\t<div class=\"elementor-widget-wrap elementor-element-populated\">\n\t\t\t\t\t\t<div class=\"elementor-element elementor-element-b6bf4b0 elementor-widget elementor-widget-image\" data-id=\"b6bf4b0\" data-element_type=\"widget\" data-e-type=\"widget\" data-widget_type=\"image.default\">\n\t\t\t\t<div class=\"elementor-widget-container\">\n\t\t\t\t\t\t\t\t\t\t\t\t\t\t\t\t<a href=\"https:\/\/www.bcboncar.com\/fr\/emballages-de-bijoux\/set-demballages-pour-bijoux\/\">\n\t\t\t\t\t\t\t<img decoding=\"async\" width=\"800\" height=\"800\" src=\"https:\/\/www.bcboncar.com\/wp-content\/uploads\/2022\/08\/scatole-per-gioielli.jpg\" class=\"attachment-large size-large wp-image-3184\" alt=\"\" srcset=\"https:\/\/www.bcboncar.com\/wp-content\/uploads\/2022\/08\/scatole-per-gioielli.jpg 800w, https:\/\/www.bcboncar.com\/wp-content\/uploads\/2022\/08\/scatole-per-gioielli-300x300.jpg 300w, https:\/\/www.bcboncar.com\/wp-content\/uploads\/2022\/08\/scatole-per-gioielli-150x150.jpg 150w, https:\/\/www.bcboncar.com\/wp-content\/uploads\/2022\/08\/scatole-per-gioielli-768x768.jpg 768w\" sizes=\"(max-width: 800px) 100vw, 800px\" \/>\t\t\t\t\t\t\t\t<\/a>\n\t\t\t\t\t\t\t\t\t\t\t\t\t\t\t<\/div>\n\t\t\t\t<\/div>\n\t\t\t\t<div class=\"elementor-element elementor-element-62f712d elementor-widget elementor-widget-heading\" data-id=\"62f712d\" data-element_type=\"widget\" data-e-type=\"widget\" data-widget_type=\"heading.default\">\n\t\t\t\t<div class=\"elementor-widget-container\">\n\t\t\t\t\t<h2 class=\"elementor-heading-title elementor-size-default\">Set pour bijoux<\/h2>\t\t\t\t<\/div>\n\t\t\t\t<\/div>\n\t\t\t\t\t<\/div>\n\t\t<\/div>\n\t\t\t\t<div class=\"elementor-column elementor-col-33 elementor-top-column elementor-element elementor-element-44b9053a\" data-id=\"44b9053a\" data-element_type=\"column\" data-e-type=\"column\">\n\t\t\t<div class=\"elementor-widget-wrap elementor-element-populated\">\n\t\t\t\t\t\t<div class=\"elementor-element elementor-element-3eac2c5 elementor-widget elementor-widget-image\" data-id=\"3eac2c5\" data-element_type=\"widget\" data-e-type=\"widget\" data-widget_type=\"image.default\">\n\t\t\t\t<div class=\"elementor-widget-container\">\n\t\t\t\t\t\t\t\t\t\t\t\t\t\t\t\t<a href=\"https:\/\/www.bcboncar.com\/fr\/emballages-de-bijoux\/sacs-en-tissu\/\">\n\t\t\t\t\t\t\t<img loading=\"lazy\" decoding=\"async\" width=\"800\" height=\"800\" src=\"https:\/\/www.bcboncar.com\/wp-content\/uploads\/2022\/08\/sacchetti-tessuto-gioielleria.jpg\" class=\"attachment-large size-large wp-image-3187\" alt=\"\" srcset=\"https:\/\/www.bcboncar.com\/wp-content\/uploads\/2022\/08\/sacchetti-tessuto-gioielleria.jpg 800w, https:\/\/www.bcboncar.com\/wp-content\/uploads\/2022\/08\/sacchetti-tessuto-gioielleria-300x300.jpg 300w, https:\/\/www.bcboncar.com\/wp-content\/uploads\/2022\/08\/sacchetti-tessuto-gioielleria-150x150.jpg 150w, https:\/\/www.bcboncar.com\/wp-content\/uploads\/2022\/08\/sacchetti-tessuto-gioielleria-768x768.jpg 768w\" sizes=\"(max-width: 800px) 100vw, 800px\" \/>\t\t\t\t\t\t\t\t<\/a>\n\t\t\t\t\t\t\t\t\t\t\t\t\t\t\t<\/div>\n\t\t\t\t<\/div>\n\t\t\t\t<div class=\"elementor-element elementor-element-28456f6 elementor-widget elementor-widget-heading\" data-id=\"28456f6\" data-element_type=\"widget\" data-e-type=\"widget\" data-widget_type=\"heading.default\">\n\t\t\t\t<div class=\"elementor-widget-container\">\n\t\t\t\t\t<h2 class=\"elementor-heading-title elementor-size-default\">Sacs en tissu<\/h2>\t\t\t\t<\/div>\n\t\t\t\t<\/div>\n\t\t\t\t\t<\/div>\n\t\t<\/div>\n\t\t\t\t\t<\/div>\n\t\t<\/section>\n\t\t\t\t<\/div>\n\t\t","protected":false},"excerpt":{"rendered":"<p>Bo\u00eetes \u00e0 bijoux Ne jamais \u00eatre insignifiant\u00a0\u00bb. Une bo\u00eete\/sac semi-rigide en tissu satin\u00e9, coton, nylon, TNT. L&rsquo;exp\u00e9rience de l&rsquo;\u00e9quipe de BC BONCAR dans diff\u00e9rents domaines est une combinaison qui permet de cr\u00e9er et de repenser l&#8217;emballage d&rsquo;une mani\u00e8re totalement nouvelle. Une bo\u00eete carr\u00e9e \u00e0 l&rsquo;int\u00e9rieur, combin\u00e9e \u00e0 un sac en tissu avec une finition en [&hellip;]<\/p>\n","protected":false},"author":2,"featured_media":0,"parent":4673,"menu_order":0,"comment_status":"closed","ping_status":"closed","template":"","meta":{"footnotes":""},"class_list":["post-4696","page","type-page","status-publish","hentry"],"_links":{"self":[{"href":"https:\/\/www.bcboncar.com\/fr\/wp-json\/wp\/v2\/pages\/4696","targetHints":{"allow":["GET"]}}],"collection":[{"href":"https:\/\/www.bcboncar.com\/fr\/wp-json\/wp\/v2\/pages"}],"about":[{"href":"https:\/\/www.bcboncar.com\/fr\/wp-json\/wp\/v2\/types\/page"}],"author":[{"embeddable":true,"href":"https:\/\/www.bcboncar.com\/fr\/wp-json\/wp\/v2\/users\/2"}],"replies":[{"embeddable":true,"href":"https:\/\/www.bcboncar.com\/fr\/wp-json\/wp\/v2\/comments?post=4696"}],"version-history":[{"count":9,"href":"https:\/\/www.bcboncar.com\/fr\/wp-json\/wp\/v2\/pages\/4696\/revisions"}],"predecessor-version":[{"id":5750,"href":"https:\/\/www.bcboncar.com\/fr\/wp-json\/wp\/v2\/pages\/4696\/revisions\/5750"}],"up":[{"embeddable":true,"href":"https:\/\/www.bcboncar.com\/fr\/wp-json\/wp\/v2\/pages\/4673"}],"wp:attachment":[{"href":"https:\/\/www.bcboncar.com\/fr\/wp-json\/wp\/v2\/media?parent=4696"}],"curies":[{"name":"wp","href":"https:\/\/api.w.org\/{rel}","templated":true}]}}