{"id":5015,"date":"2023-06-27T17:46:19","date_gmt":"2023-06-27T17:46:19","guid":{"rendered":"https:\/\/www.bcboncar.com\/solutions-pour-la-maison\/coffrets-et-boites-dechantillons\/"},"modified":"2023-06-28T13:11:58","modified_gmt":"2023-06-28T13:11:58","slug":"coffrets-et-boites-dechantillons","status":"publish","type":"page","link":"https:\/\/www.bcboncar.com\/fr\/solutions-pour-la-maison\/coffrets-et-boites-dechantillons\/","title":{"rendered":"Coffrets et bo\u00eetes d&rsquo;\u00e9chantillons"},"content":{"rendered":"\t\t<div data-elementor-type=\"wp-page\" data-elementor-id=\"5015\" class=\"elementor elementor-5015\" data-elementor-post-type=\"page\">\n\t\t\t\t\t\t<section class=\"elementor-section elementor-top-section elementor-element elementor-element-377f6f68 elementor-section-boxed elementor-section-height-default elementor-section-height-default\" data-id=\"377f6f68\" data-element_type=\"section\" data-e-type=\"section\">\n\t\t\t\t\t\t<div class=\"elementor-container elementor-column-gap-default\">\n\t\t\t\t\t<div class=\"elementor-column elementor-col-50 elementor-top-column elementor-element elementor-element-65d066d1\" data-id=\"65d066d1\" data-element_type=\"column\" data-e-type=\"column\">\n\t\t\t<div class=\"elementor-widget-wrap elementor-element-populated\">\n\t\t\t\t\t\t<div class=\"elementor-element elementor-element-433413e6 elementor-widget elementor-widget-image\" data-id=\"433413e6\" data-element_type=\"widget\" data-e-type=\"widget\" data-widget_type=\"image.default\">\n\t\t\t\t<div class=\"elementor-widget-container\">\n\t\t\t\t\t\t\t\t\t\t\t\t\t\t\t<img fetchpriority=\"high\" decoding=\"async\" width=\"800\" height=\"800\" src=\"https:\/\/www.bcboncar.com\/wp-content\/uploads\/2022\/09\/soluzioni-casa-scatole-campionari.jpg\" class=\"attachment-large size-large wp-image-3491\" alt=\"\" srcset=\"https:\/\/www.bcboncar.com\/wp-content\/uploads\/2022\/09\/soluzioni-casa-scatole-campionari.jpg 800w, https:\/\/www.bcboncar.com\/wp-content\/uploads\/2022\/09\/soluzioni-casa-scatole-campionari-300x300.jpg 300w, https:\/\/www.bcboncar.com\/wp-content\/uploads\/2022\/09\/soluzioni-casa-scatole-campionari-150x150.jpg 150w, https:\/\/www.bcboncar.com\/wp-content\/uploads\/2022\/09\/soluzioni-casa-scatole-campionari-768x768.jpg 768w\" sizes=\"(max-width: 800px) 100vw, 800px\" \/>\t\t\t\t\t\t\t\t\t\t\t\t\t\t\t<\/div>\n\t\t\t\t<\/div>\n\t\t\t\t\t<\/div>\n\t\t<\/div>\n\t\t\t\t<div class=\"elementor-column elementor-col-50 elementor-top-column elementor-element elementor-element-26e3f4e4\" data-id=\"26e3f4e4\" data-element_type=\"column\" data-e-type=\"column\">\n\t\t\t<div class=\"elementor-widget-wrap elementor-element-populated\">\n\t\t\t\t\t\t<div class=\"elementor-element elementor-element-7d581939 premium-title-color elementor-widget elementor-widget-premium-addon-title\" data-id=\"7d581939\" data-element_type=\"widget\" data-e-type=\"widget\" data-widget_type=\"premium-addon-title.default\">\n\t\t\t\t<div class=\"elementor-widget-container\">\n\t\t\t\t\t\n\t\t<div class=\"premium-title-container style1\">\n\t\t\t<h1 class=\"premium-title-header premium-title-style1\">\n\t\t\t\t\n\t\t\t\t\n\t\t\t\t\t\t\t\t\t\t\t\t<span class=\"premium-title-text\">\n\t\t\t\t\tCoffrets et bo\u00eetes d'\u00e9chantillons\t\t\t\t<\/span>\n\t\t\t\t\t\n\t\t\t\t\t\t\t\t\n\t\t\t\t\t\t\t<\/h1>\n\n\t\t<\/div>\n\n\t\t\t\t\t\t<\/div>\n\t\t\t\t<\/div>\n\t\t\t\t<div class=\"elementor-element elementor-element-6118b56 elementor-widget elementor-widget-text-editor\" data-id=\"6118b56\" data-element_type=\"widget\" data-e-type=\"widget\" data-widget_type=\"text-editor.default\">\n\t\t\t\t<div class=\"elementor-widget-container\">\n\t\t\t\t\t\t\t\t\t<p>Ce type d&#8217;emballage est con\u00e7u pour l&rsquo;entreprise et les repr\u00e9sentants qui doivent pr\u00e9senter les \u00e9chantillons \u00e0 leurs clients, aux designers d&rsquo;int\u00e9rieur, aux architectes. Ils peuvent devenir une sorte d&rsquo;archive pour l&rsquo;entreprise elle-m\u00eame ou pour la boutique, pour les designers d&rsquo;int\u00e9rieur, les architectes qui souhaitent pr\u00e9senter les tissus et autres solutions aux clients qui doivent choisir le bon ameublement pour leur maison ; le type de tissu, la finition, la taille. C&rsquo;est un emballage qui permet de pr\u00e9senter au mieux son produit.<\/p><p>Dans ce cas \u00e9galement, l&#8217;emballage est le v\u00eatement et l&rsquo;image doit \u00eatre en accord avec le produit que l&rsquo;on souhaite montrer au client.<\/p><p>Le choix des papiers de rev\u00eatement pour les \u00e9chantillons, ainsi que l&rsquo;impression, d\u00e9terminent le produit int\u00e9rieur que l&rsquo;on souhaite pr\u00e9senter.<\/p><p>La bo\u00eete-coffret pr\u00e9sent\u00e9e est une bo\u00eete avec une forme particuli\u00e8re. Elle est enti\u00e8rement finie \u00e0 la main. Les impressions sont pens\u00e9es et en accord avec l&rsquo;image de la marque. Le rev\u00eatement est en tissu fil coup\u00e9, les impressions sont r\u00e9alis\u00e9es en s\u00e9rigraphie avec une technique rappelant la couture sur mesure. Tout est pens\u00e9 pour identifier l&rsquo;image de la marque.<\/p>\t\t\t\t\t\t\t\t<\/div>\n\t\t\t\t<\/div>\n\t\t\t\t\t<\/div>\n\t\t<\/div>\n\t\t\t\t\t<\/div>\n\t\t<\/section>\n\t\t\t\t<section class=\"elementor-section elementor-top-section elementor-element elementor-element-3ecc7a91 elementor-section-boxed elementor-section-height-default elementor-section-height-default\" data-id=\"3ecc7a91\" data-element_type=\"section\" data-e-type=\"section\">\n\t\t\t\t\t\t<div class=\"elementor-container elementor-column-gap-default\">\n\t\t\t\t\t<div class=\"elementor-column elementor-col-100 elementor-top-column elementor-element elementor-element-11e9d395\" data-id=\"11e9d395\" data-element_type=\"column\" data-e-type=\"column\">\n\t\t\t<div class=\"elementor-widget-wrap elementor-element-populated\">\n\t\t\t\t\t\t<div class=\"elementor-element elementor-element-15d60b3d elementor-widget elementor-widget-heading\" data-id=\"15d60b3d\" data-element_type=\"widget\" data-e-type=\"widget\" data-widget_type=\"heading.default\">\n\t\t\t\t<div class=\"elementor-widget-container\">\n\t\t\t\t\t<h2 class=\"elementor-heading-title elementor-size-default\">Informations requises<\/h2>\t\t\t\t<\/div>\n\t\t\t\t<\/div>\n\t\t\t\t<div class=\"elementor-element elementor-element-1228a4f0 elementor-button-align-stretch elementor-widget elementor-widget-form\" data-id=\"1228a4f0\" data-element_type=\"widget\" data-e-type=\"widget\" data-settings=\"{&quot;step_next_label&quot;:&quot;Successivo&quot;,&quot;step_previous_label&quot;:&quot;Precedente&quot;,&quot;button_width&quot;:&quot;100&quot;,&quot;step_type&quot;:&quot;number_text&quot;,&quot;step_icon_shape&quot;:&quot;circle&quot;}\" data-widget_type=\"form.default\">\n\t\t\t\t<div class=\"elementor-widget-container\">\n\t\t\t\t\t\t\t<form class=\"elementor-form\" method=\"post\" name=\"Contatto prodotto\" aria-label=\"Contatto prodotto\">\n\t\t\t<input type=\"hidden\" name=\"post_id\" value=\"5015\"\/>\n\t\t\t<input type=\"hidden\" name=\"form_id\" value=\"1228a4f0\"\/>\n\t\t\t<input type=\"hidden\" name=\"referer_title\" value=\"Coffrets et bo\u00eetes d&#039;\u00e9chantillons - BC Boncar\" \/>\n\n\t\t\t\t\t\t\t<input type=\"hidden\" name=\"queried_id\" value=\"5015\"\/>\n\t\t\t\n\t\t\t<div class=\"elementor-form-fields-wrapper elementor-labels-\">\n\t\t\t\t\t\t\t\t<div class=\"elementor-field-type-text elementor-field-group elementor-column elementor-field-group-name elementor-col-100\">\n\t\t\t\t\t\t\t\t\t\t\t\t<label for=\"form-field-name\" class=\"elementor-field-label elementor-screen-only\">\n\t\t\t\t\t\t\t\tNome\t\t\t\t\t\t\t<\/label>\n\t\t\t\t\t\t\t\t\t\t\t\t\t\t<input size=\"1\" type=\"text\" name=\"form_fields[name]\" id=\"form-field-name\" class=\"elementor-field elementor-size-sm  elementor-field-textual\" placeholder=\"Nome e Cognome\">\n\t\t\t\t\t\t\t\t\t\t\t<\/div>\n\t\t\t\t\t\t\t\t<div class=\"elementor-field-type-email elementor-field-group elementor-column elementor-field-group-email elementor-col-100 elementor-field-required\">\n\t\t\t\t\t\t\t\t\t\t\t\t<label for=\"form-field-email\" class=\"elementor-field-label elementor-screen-only\">\n\t\t\t\t\t\t\t\tEmail\t\t\t\t\t\t\t<\/label>\n\t\t\t\t\t\t\t\t\t\t\t\t\t\t<input size=\"1\" type=\"email\" name=\"form_fields[email]\" id=\"form-field-email\" class=\"elementor-field elementor-size-sm  elementor-field-textual\" placeholder=\"Indirizzo Email\" required=\"required\">\n\t\t\t\t\t\t\t\t\t\t\t<\/div>\n\t\t\t\t\t\t\t\t<div class=\"elementor-field-type-textarea elementor-field-group elementor-column elementor-field-group-message elementor-col-100\">\n\t\t\t\t\t\t\t\t\t\t\t\t<label for=\"form-field-message\" class=\"elementor-field-label elementor-screen-only\">\n\t\t\t\t\t\t\t\tMessaggio\t\t\t\t\t\t\t<\/label>\n\t\t\t\t\t\t<textarea class=\"elementor-field-textual elementor-field  elementor-size-sm\" name=\"form_fields[message]\" id=\"form-field-message\" rows=\"4\" placeholder=\"Messaggio\"><\/textarea>\t\t\t\t<\/div>\n\t\t\t\t\t\t\t\t<div class=\"elementor-field-group elementor-column elementor-field-type-submit elementor-col-100 e-form__buttons\">\n\t\t\t\t\t<button class=\"elementor-button elementor-size-md\" type=\"submit\">\n\t\t\t\t\t\t<span class=\"elementor-button-content-wrapper\">\n\t\t\t\t\t\t\t\t\t\t\t\t\t\t\t\t\t\t\t\t\t\t<span class=\"elementor-button-text\">Invia richiesta<\/span>\n\t\t\t\t\t\t\t\t\t\t\t\t\t<\/span>\n\t\t\t\t\t<\/button>\n\t\t\t\t<\/div>\n\t\t\t<\/div>\n\t\t<\/form>\n\t\t\t\t\t\t<\/div>\n\t\t\t\t<\/div>\n\t\t\t\t<div class=\"elementor-element elementor-element-365b0f61 elementor-widget elementor-widget-spacer\" data-id=\"365b0f61\" data-element_type=\"widget\" data-e-type=\"widget\" data-widget_type=\"spacer.default\">\n\t\t\t\t<div class=\"elementor-widget-container\">\n\t\t\t\t\t\t\t<div class=\"elementor-spacer\">\n\t\t\t<div class=\"elementor-spacer-inner\"><\/div>\n\t\t<\/div>\n\t\t\t\t\t\t<\/div>\n\t\t\t\t<\/div>\n\t\t\t\t<div class=\"elementor-element elementor-element-1c12a00b elementor-widget elementor-widget-heading\" data-id=\"1c12a00b\" data-element_type=\"widget\" data-e-type=\"widget\" data-widget_type=\"heading.default\">\n\t\t\t\t<div class=\"elementor-widget-container\">\n\t\t\t\t\t<h2 class=\"elementor-heading-title elementor-size-default\">Vous pourriez aussi \u00eatre int\u00e9ress\u00e9 par<\/h2>\t\t\t\t<\/div>\n\t\t\t\t<\/div>\n\t\t\t\t\t<\/div>\n\t\t<\/div>\n\t\t\t\t\t<\/div>\n\t\t<\/section>\n\t\t\t\t<section class=\"elementor-section elementor-top-section elementor-element elementor-element-75c7ec96 elementor-section-boxed elementor-section-height-default elementor-section-height-default\" data-id=\"75c7ec96\" data-element_type=\"section\" data-e-type=\"section\">\n\t\t\t\t\t\t<div class=\"elementor-container elementor-column-gap-default\">\n\t\t\t\t\t<div class=\"elementor-column elementor-col-33 elementor-top-column elementor-element elementor-element-63730e33\" data-id=\"63730e33\" data-element_type=\"column\" data-e-type=\"column\">\n\t\t\t<div class=\"elementor-widget-wrap elementor-element-populated\">\n\t\t\t\t\t\t<div class=\"elementor-element elementor-element-7d001b7 elementor-widget elementor-widget-image\" data-id=\"7d001b7\" data-element_type=\"widget\" data-e-type=\"widget\" data-widget_type=\"image.default\">\n\t\t\t\t<div class=\"elementor-widget-container\">\n\t\t\t\t\t\t\t\t\t\t\t\t\t\t\t\t<a href=\"https:\/\/www.bcboncar.com\/fr\/solutions-pour-la-maison\/boites-dameublement-pour-la-maison\/\">\n\t\t\t\t\t\t\t<img decoding=\"async\" width=\"800\" height=\"800\" src=\"https:\/\/www.bcboncar.com\/wp-content\/uploads\/2022\/09\/soluzioni-casa-scatole-arredo.jpg\" class=\"attachment-large size-large wp-image-3258\" alt=\"\" srcset=\"https:\/\/www.bcboncar.com\/wp-content\/uploads\/2022\/09\/soluzioni-casa-scatole-arredo.jpg 800w, https:\/\/www.bcboncar.com\/wp-content\/uploads\/2022\/09\/soluzioni-casa-scatole-arredo-300x300.jpg 300w, https:\/\/www.bcboncar.com\/wp-content\/uploads\/2022\/09\/soluzioni-casa-scatole-arredo-150x150.jpg 150w, https:\/\/www.bcboncar.com\/wp-content\/uploads\/2022\/09\/soluzioni-casa-scatole-arredo-768x768.jpg 768w\" sizes=\"(max-width: 800px) 100vw, 800px\" \/>\t\t\t\t\t\t\t\t<\/a>\n\t\t\t\t\t\t\t\t\t\t\t\t\t\t\t<\/div>\n\t\t\t\t<\/div>\n\t\t\t\t<div class=\"elementor-element elementor-element-40dc614 elementor-widget elementor-widget-heading\" data-id=\"40dc614\" data-element_type=\"widget\" data-e-type=\"widget\" data-widget_type=\"heading.default\">\n\t\t\t\t<div class=\"elementor-widget-container\">\n\t\t\t\t\t<h2 class=\"elementor-heading-title elementor-size-default\">Bo\u00eetes d'ameublement<\/h2>\t\t\t\t<\/div>\n\t\t\t\t<\/div>\n\t\t\t\t\t<\/div>\n\t\t<\/div>\n\t\t\t\t<div class=\"elementor-column elementor-col-33 elementor-top-column elementor-element elementor-element-39877e3d\" data-id=\"39877e3d\" data-element_type=\"column\" data-e-type=\"column\">\n\t\t\t<div class=\"elementor-widget-wrap elementor-element-populated\">\n\t\t\t\t\t\t<div class=\"elementor-element elementor-element-b6bf4b0 elementor-widget elementor-widget-image\" data-id=\"b6bf4b0\" data-element_type=\"widget\" data-e-type=\"widget\" data-widget_type=\"image.default\">\n\t\t\t\t<div class=\"elementor-widget-container\">\n\t\t\t\t\t\t\t\t\t\t\t\t\t\t\t\t<a href=\"https:\/\/www.bcboncar.com\/fr\/solutions-pour-la-maison\/emballages-de-presentation\/\">\n\t\t\t\t\t\t\t<img decoding=\"async\" width=\"800\" height=\"800\" src=\"https:\/\/www.bcboncar.com\/wp-content\/uploads\/2022\/09\/soluzioni-casa-packaging-arredamento.jpg\" class=\"attachment-large size-large wp-image-3262\" alt=\"\" srcset=\"https:\/\/www.bcboncar.com\/wp-content\/uploads\/2022\/09\/soluzioni-casa-packaging-arredamento.jpg 800w, https:\/\/www.bcboncar.com\/wp-content\/uploads\/2022\/09\/soluzioni-casa-packaging-arredamento-300x300.jpg 300w, https:\/\/www.bcboncar.com\/wp-content\/uploads\/2022\/09\/soluzioni-casa-packaging-arredamento-150x150.jpg 150w, https:\/\/www.bcboncar.com\/wp-content\/uploads\/2022\/09\/soluzioni-casa-packaging-arredamento-768x768.jpg 768w\" sizes=\"(max-width: 800px) 100vw, 800px\" \/>\t\t\t\t\t\t\t\t<\/a>\n\t\t\t\t\t\t\t\t\t\t\t\t\t\t\t<\/div>\n\t\t\t\t<\/div>\n\t\t\t\t<div class=\"elementor-element elementor-element-62f712d elementor-widget elementor-widget-heading\" data-id=\"62f712d\" data-element_type=\"widget\" data-e-type=\"widget\" data-widget_type=\"heading.default\">\n\t\t\t\t<div class=\"elementor-widget-container\">\n\t\t\t\t\t<h2 class=\"elementor-heading-title elementor-size-default\">Emballages de pr\u00e9sentation<\/h2>\t\t\t\t<\/div>\n\t\t\t\t<\/div>\n\t\t\t\t\t<\/div>\n\t\t<\/div>\n\t\t\t\t<div class=\"elementor-column elementor-col-33 elementor-top-column elementor-element elementor-element-44b9053a\" data-id=\"44b9053a\" data-element_type=\"column\" data-e-type=\"column\">\n\t\t\t<div class=\"elementor-widget-wrap elementor-element-populated\">\n\t\t\t\t\t\t<div class=\"elementor-element elementor-element-3eac2c5 elementor-widget elementor-widget-image\" data-id=\"3eac2c5\" data-element_type=\"widget\" data-e-type=\"widget\" data-widget_type=\"image.default\">\n\t\t\t\t<div class=\"elementor-widget-container\">\n\t\t\t\t\t\t\t\t\t\t\t\t\t\t\t\t<a href=\"https:\/\/www.bcboncar.com\/fr\/solutions-pour-la-maison\/boites-por-linge\/\">\n\t\t\t\t\t\t\t<img loading=\"lazy\" decoding=\"async\" width=\"800\" height=\"800\" src=\"https:\/\/www.bcboncar.com\/wp-content\/uploads\/2022\/09\/soluzioni-casa-scatola-biancheria.jpg\" class=\"attachment-large size-large wp-image-3265\" alt=\"\" srcset=\"https:\/\/www.bcboncar.com\/wp-content\/uploads\/2022\/09\/soluzioni-casa-scatola-biancheria.jpg 800w, https:\/\/www.bcboncar.com\/wp-content\/uploads\/2022\/09\/soluzioni-casa-scatola-biancheria-300x300.jpg 300w, https:\/\/www.bcboncar.com\/wp-content\/uploads\/2022\/09\/soluzioni-casa-scatola-biancheria-150x150.jpg 150w, https:\/\/www.bcboncar.com\/wp-content\/uploads\/2022\/09\/soluzioni-casa-scatola-biancheria-768x768.jpg 768w\" sizes=\"(max-width: 800px) 100vw, 800px\" \/>\t\t\t\t\t\t\t\t<\/a>\n\t\t\t\t\t\t\t\t\t\t\t\t\t\t\t<\/div>\n\t\t\t\t<\/div>\n\t\t\t\t<div class=\"elementor-element elementor-element-28456f6 elementor-widget elementor-widget-heading\" data-id=\"28456f6\" data-element_type=\"widget\" data-e-type=\"widget\" data-widget_type=\"heading.default\">\n\t\t\t\t<div class=\"elementor-widget-container\">\n\t\t\t\t\t<h2 class=\"elementor-heading-title elementor-size-default\">Bo\u00eete pour linge<\/h2>\t\t\t\t<\/div>\n\t\t\t\t<\/div>\n\t\t\t\t\t<\/div>\n\t\t<\/div>\n\t\t\t\t\t<\/div>\n\t\t<\/section>\n\t\t\t\t<\/div>\n\t\t","protected":false},"excerpt":{"rendered":"<p>Coffrets et bo\u00eetes d&rsquo;\u00e9chantillons Ce type d&#8217;emballage est con\u00e7u pour l&rsquo;entreprise et les repr\u00e9sentants qui doivent pr\u00e9senter les \u00e9chantillons \u00e0 leurs clients, aux designers d&rsquo;int\u00e9rieur, aux architectes. Ils peuvent devenir une sorte d&rsquo;archive pour l&rsquo;entreprise elle-m\u00eame ou pour la boutique, pour les designers d&rsquo;int\u00e9rieur, les architectes qui souhaitent pr\u00e9senter les tissus et autres solutions aux [&hellip;]<\/p>\n","protected":false},"author":2,"featured_media":0,"parent":5007,"menu_order":0,"comment_status":"closed","ping_status":"closed","template":"","meta":{"footnotes":""},"class_list":["post-5015","page","type-page","status-publish","hentry"],"_links":{"self":[{"href":"https:\/\/www.bcboncar.com\/fr\/wp-json\/wp\/v2\/pages\/5015","targetHints":{"allow":["GET"]}}],"collection":[{"href":"https:\/\/www.bcboncar.com\/fr\/wp-json\/wp\/v2\/pages"}],"about":[{"href":"https:\/\/www.bcboncar.com\/fr\/wp-json\/wp\/v2\/types\/page"}],"author":[{"embeddable":true,"href":"https:\/\/www.bcboncar.com\/fr\/wp-json\/wp\/v2\/users\/2"}],"replies":[{"embeddable":true,"href":"https:\/\/www.bcboncar.com\/fr\/wp-json\/wp\/v2\/comments?post=5015"}],"version-history":[{"count":6,"href":"https:\/\/www.bcboncar.com\/fr\/wp-json\/wp\/v2\/pages\/5015\/revisions"}],"predecessor-version":[{"id":5061,"href":"https:\/\/www.bcboncar.com\/fr\/wp-json\/wp\/v2\/pages\/5015\/revisions\/5061"}],"up":[{"embeddable":true,"href":"https:\/\/www.bcboncar.com\/fr\/wp-json\/wp\/v2\/pages\/5007"}],"wp:attachment":[{"href":"https:\/\/www.bcboncar.com\/fr\/wp-json\/wp\/v2\/media?parent=5015"}],"curies":[{"name":"wp","href":"https:\/\/api.w.org\/{rel}","templated":true}]}}