{"id":5030,"date":"2023-06-28T12:41:55","date_gmt":"2023-06-28T12:41:55","guid":{"rendered":"https:\/\/www.bcboncar.com\/solutions-pour-la-maison\/boites-dameublement\/"},"modified":"2023-06-28T13:10:27","modified_gmt":"2023-06-28T13:10:27","slug":"boites-dameublement","status":"publish","type":"page","link":"https:\/\/www.bcboncar.com\/fr\/solutions-pour-la-maison\/boites-por-linge\/","title":{"rendered":"Bo\u00eetes d&rsquo;ameublement"},"content":{"rendered":"\t\t<div data-elementor-type=\"wp-page\" data-elementor-id=\"5030\" class=\"elementor elementor-5030\" data-elementor-post-type=\"page\">\n\t\t\t\t\t\t<section class=\"elementor-section elementor-top-section elementor-element elementor-element-377f6f68 elementor-section-boxed elementor-section-height-default elementor-section-height-default\" data-id=\"377f6f68\" data-element_type=\"section\" data-e-type=\"section\">\n\t\t\t\t\t\t<div class=\"elementor-container elementor-column-gap-default\">\n\t\t\t\t\t<div class=\"elementor-column elementor-col-50 elementor-top-column elementor-element elementor-element-65d066d1\" data-id=\"65d066d1\" data-element_type=\"column\" data-e-type=\"column\">\n\t\t\t<div class=\"elementor-widget-wrap elementor-element-populated\">\n\t\t\t\t\t\t<div class=\"elementor-element elementor-element-433413e6 elementor-widget elementor-widget-image\" data-id=\"433413e6\" data-element_type=\"widget\" data-e-type=\"widget\" data-widget_type=\"image.default\">\n\t\t\t\t<div class=\"elementor-widget-container\">\n\t\t\t\t\t\t\t\t\t\t\t\t\t\t\t<img fetchpriority=\"high\" decoding=\"async\" width=\"800\" height=\"800\" src=\"https:\/\/www.bcboncar.com\/wp-content\/uploads\/2022\/09\/soluzioni-casa-scatola-biancheria.jpg\" class=\"attachment-large size-large wp-image-3265\" alt=\"\" srcset=\"https:\/\/www.bcboncar.com\/wp-content\/uploads\/2022\/09\/soluzioni-casa-scatola-biancheria.jpg 800w, https:\/\/www.bcboncar.com\/wp-content\/uploads\/2022\/09\/soluzioni-casa-scatola-biancheria-300x300.jpg 300w, https:\/\/www.bcboncar.com\/wp-content\/uploads\/2022\/09\/soluzioni-casa-scatola-biancheria-150x150.jpg 150w, https:\/\/www.bcboncar.com\/wp-content\/uploads\/2022\/09\/soluzioni-casa-scatola-biancheria-768x768.jpg 768w\" sizes=\"(max-width: 800px) 100vw, 800px\" \/>\t\t\t\t\t\t\t\t\t\t\t\t\t\t\t<\/div>\n\t\t\t\t<\/div>\n\t\t\t\t\t<\/div>\n\t\t<\/div>\n\t\t\t\t<div class=\"elementor-column elementor-col-50 elementor-top-column elementor-element elementor-element-26e3f4e4\" data-id=\"26e3f4e4\" data-element_type=\"column\" data-e-type=\"column\">\n\t\t\t<div class=\"elementor-widget-wrap elementor-element-populated\">\n\t\t\t\t\t\t<div class=\"elementor-element elementor-element-7d581939 premium-title-color elementor-widget elementor-widget-premium-addon-title\" data-id=\"7d581939\" data-element_type=\"widget\" data-e-type=\"widget\" data-widget_type=\"premium-addon-title.default\">\n\t\t\t\t<div class=\"elementor-widget-container\">\n\t\t\t\t\t\n\t\t<div class=\"premium-title-container style1\">\n\t\t\t<h1 class=\"premium-title-header premium-title-style1\">\n\t\t\t\t\n\t\t\t\t\n\t\t\t\t\t\t\t\t\t\t\t\t<span class=\"premium-title-text\">\n\t\t\t\t\tBo\u00eete pour linge de maison\t\t\t\t<\/span>\n\t\t\t\t\t\n\t\t\t\t\t\t\t\t\n\t\t\t\t\t\t\t<\/h1>\n\n\t\t<\/div>\n\n\t\t\t\t\t\t<\/div>\n\t\t\t\t<\/div>\n\t\t\t\t<div class=\"elementor-element elementor-element-6118b56 elementor-widget elementor-widget-text-editor\" data-id=\"6118b56\" data-element_type=\"widget\" data-e-type=\"widget\" data-widget_type=\"text-editor.default\">\n\t\t\t\t<div class=\"elementor-widget-container\">\n\t\t\t\t\t\t\t\t\t<p>Les bo\u00eetes pour le linge de maison se distinguent par leur taille.<\/p><p>Faire d&rsquo;une bo\u00eete pour le linge de maison un objet utilisable au quotidien, pratique \u00e0 ranger dans une armoire, facile \u00e0 manipuler et protecteur pour le produit qu&rsquo;elle contient, ce sont toutes des caract\u00e9ristiques \u00e9tudi\u00e9es par notre \u00e9quipe. Nous pensons au client final qui doit utiliser l&#8217;emballage. Nous pensons au client qui doit acheter un article de valeur, nous r\u00e9fl\u00e9chissons au concept de transport. Lorsque nous envisageons de produire un article, nous r\u00e9fl\u00e9chissons en tant qu&rsquo;utilisateurs et nous nous demandons pourquoi je devrais acheter un produit d&rsquo;une marque plut\u00f4t qu&rsquo;une autre. Le produit de la marque peut \u00eatre magnifique sous tous les aspects : marchandises, esth\u00e9tique, confort, mais s&rsquo;il n&rsquo;est pas habill\u00e9 de mani\u00e8re appropri\u00e9e, le client peut percevoir un manque de d\u00e9tails. Les marques connaissent bien le concept selon lequel \u00ab\u00a0ce sont les d\u00e9tails qui font la diff\u00e9rence\u00a0\u00bb.<\/p><p>Lorsque nous concevons notre packaging, nous interrogeons la marque pour savoir ce qu&rsquo;elle doit habiller et proposons ensuite des solutions.<\/p><p>Lorsque le client effectue un achat, il sort de la boutique de la marque avec notre bo\u00eete, munie de poign\u00e9es pour le transport, simples et coordonn\u00e9es avec le produit. Les m\u00eames poign\u00e9es sont utilis\u00e9es pour extraire de l&rsquo;armoire la couverture, le drap ou autre chose qui y a \u00e9t\u00e9 rang\u00e9.<\/p><p>Ainsi, m\u00eame simplement en refaisant le lit, nous cr\u00e9ons une \u00ab\u00a0exp\u00e9rience\u00a0\u00bb quotidienne avec un rituel propre. Tout est con\u00e7u pour rendre le quotidien simple et exp\u00e9rientiel.<\/p><p>Notre packaging doit \u00ab\u00a0vivre\u00a0\u00bb et faire partie du quotidien, il est un objet de marketing quotidien.<\/p><p>Les cartes peuvent \u00eatre personnalis\u00e9es avec des impressions de qualit\u00e9, de la s\u00e9rigraphie UV associ\u00e9e \u00e0 des impressions \u00e0 chaud enregistr\u00e9es, une impression en relief, etc.<\/p><p>Les poign\u00e9es peuvent \u00eatre en coton naturel, en coton recycl\u00e9, en polyester recycl\u00e9, avec des rubans en coton naturel, des rubans en coton recycl\u00e9, des rubans en polyester recycl\u00e9.<\/p><p>Bo\u00eete \u00e9l\u00e9gante, de luxe, avec fond et couvercle dot\u00e9s d&rsquo;un syst\u00e8me de fermeture pour faciliter le transport. Fabriqu\u00e9e avec des cartes de qualit\u00e9 et des finitions \u00e9l\u00e9gantes. Emballage personnalisable sur demande pour les mod\u00e8les et les tailles. Impression du logo en s\u00e9rigraphie, UV, \u00e0 chaud, en relief, etc.<\/p>\t\t\t\t\t\t\t\t<\/div>\n\t\t\t\t<\/div>\n\t\t\t\t\t<\/div>\n\t\t<\/div>\n\t\t\t\t\t<\/div>\n\t\t<\/section>\n\t\t\t\t<section class=\"elementor-section elementor-top-section elementor-element elementor-element-3ecc7a91 elementor-section-boxed elementor-section-height-default elementor-section-height-default\" data-id=\"3ecc7a91\" data-element_type=\"section\" data-e-type=\"section\">\n\t\t\t\t\t\t<div class=\"elementor-container elementor-column-gap-default\">\n\t\t\t\t\t<div class=\"elementor-column elementor-col-100 elementor-top-column elementor-element elementor-element-11e9d395\" data-id=\"11e9d395\" data-element_type=\"column\" data-e-type=\"column\">\n\t\t\t<div class=\"elementor-widget-wrap elementor-element-populated\">\n\t\t\t\t\t\t<div class=\"elementor-element elementor-element-15d60b3d elementor-widget elementor-widget-heading\" data-id=\"15d60b3d\" data-element_type=\"widget\" data-e-type=\"widget\" data-widget_type=\"heading.default\">\n\t\t\t\t<div class=\"elementor-widget-container\">\n\t\t\t\t\t<h2 class=\"elementor-heading-title elementor-size-default\">Informations requises<\/h2>\t\t\t\t<\/div>\n\t\t\t\t<\/div>\n\t\t\t\t<div class=\"elementor-element elementor-element-1228a4f0 elementor-button-align-stretch elementor-widget elementor-widget-form\" data-id=\"1228a4f0\" data-element_type=\"widget\" data-e-type=\"widget\" data-settings=\"{&quot;step_next_label&quot;:&quot;Successivo&quot;,&quot;step_previous_label&quot;:&quot;Precedente&quot;,&quot;button_width&quot;:&quot;100&quot;,&quot;step_type&quot;:&quot;number_text&quot;,&quot;step_icon_shape&quot;:&quot;circle&quot;}\" data-widget_type=\"form.default\">\n\t\t\t\t<div class=\"elementor-widget-container\">\n\t\t\t\t\t\t\t<form class=\"elementor-form\" method=\"post\" name=\"Contatto prodotto\" aria-label=\"Contatto prodotto\">\n\t\t\t<input type=\"hidden\" name=\"post_id\" value=\"5030\"\/>\n\t\t\t<input type=\"hidden\" name=\"form_id\" value=\"1228a4f0\"\/>\n\t\t\t<input type=\"hidden\" name=\"referer_title\" value=\"Bo\u00eetes d&#039;ameublement\" \/>\n\n\t\t\t\t\t\t\t<input type=\"hidden\" name=\"queried_id\" value=\"5030\"\/>\n\t\t\t\n\t\t\t<div class=\"elementor-form-fields-wrapper elementor-labels-\">\n\t\t\t\t\t\t\t\t<div class=\"elementor-field-type-text elementor-field-group elementor-column elementor-field-group-name elementor-col-100\">\n\t\t\t\t\t\t\t\t\t\t\t\t<label for=\"form-field-name\" class=\"elementor-field-label elementor-screen-only\">\n\t\t\t\t\t\t\t\tNome\t\t\t\t\t\t\t<\/label>\n\t\t\t\t\t\t\t\t\t\t\t\t\t\t<input size=\"1\" type=\"text\" name=\"form_fields[name]\" id=\"form-field-name\" class=\"elementor-field elementor-size-sm  elementor-field-textual\" placeholder=\"Nome e Cognome\">\n\t\t\t\t\t\t\t\t\t\t\t<\/div>\n\t\t\t\t\t\t\t\t<div class=\"elementor-field-type-email elementor-field-group elementor-column elementor-field-group-email elementor-col-100 elementor-field-required\">\n\t\t\t\t\t\t\t\t\t\t\t\t<label for=\"form-field-email\" class=\"elementor-field-label elementor-screen-only\">\n\t\t\t\t\t\t\t\tEmail\t\t\t\t\t\t\t<\/label>\n\t\t\t\t\t\t\t\t\t\t\t\t\t\t<input size=\"1\" type=\"email\" name=\"form_fields[email]\" id=\"form-field-email\" class=\"elementor-field elementor-size-sm  elementor-field-textual\" placeholder=\"Indirizzo Email\" required=\"required\">\n\t\t\t\t\t\t\t\t\t\t\t<\/div>\n\t\t\t\t\t\t\t\t<div class=\"elementor-field-type-textarea elementor-field-group elementor-column elementor-field-group-message elementor-col-100\">\n\t\t\t\t\t\t\t\t\t\t\t\t<label for=\"form-field-message\" class=\"elementor-field-label elementor-screen-only\">\n\t\t\t\t\t\t\t\tMessaggio\t\t\t\t\t\t\t<\/label>\n\t\t\t\t\t\t<textarea class=\"elementor-field-textual elementor-field  elementor-size-sm\" name=\"form_fields[message]\" id=\"form-field-message\" rows=\"4\" placeholder=\"Messaggio\"><\/textarea>\t\t\t\t<\/div>\n\t\t\t\t\t\t\t\t<div class=\"elementor-field-group elementor-column elementor-field-type-submit elementor-col-100 e-form__buttons\">\n\t\t\t\t\t<button class=\"elementor-button elementor-size-md\" type=\"submit\">\n\t\t\t\t\t\t<span class=\"elementor-button-content-wrapper\">\n\t\t\t\t\t\t\t\t\t\t\t\t\t\t\t\t\t\t\t\t\t\t<span class=\"elementor-button-text\">Invia richiesta<\/span>\n\t\t\t\t\t\t\t\t\t\t\t\t\t<\/span>\n\t\t\t\t\t<\/button>\n\t\t\t\t<\/div>\n\t\t\t<\/div>\n\t\t<\/form>\n\t\t\t\t\t\t<\/div>\n\t\t\t\t<\/div>\n\t\t\t\t<div class=\"elementor-element elementor-element-365b0f61 elementor-widget elementor-widget-spacer\" data-id=\"365b0f61\" data-element_type=\"widget\" data-e-type=\"widget\" data-widget_type=\"spacer.default\">\n\t\t\t\t<div class=\"elementor-widget-container\">\n\t\t\t\t\t\t\t<div class=\"elementor-spacer\">\n\t\t\t<div class=\"elementor-spacer-inner\"><\/div>\n\t\t<\/div>\n\t\t\t\t\t\t<\/div>\n\t\t\t\t<\/div>\n\t\t\t\t<div class=\"elementor-element elementor-element-1c12a00b elementor-widget elementor-widget-heading\" data-id=\"1c12a00b\" data-element_type=\"widget\" data-e-type=\"widget\" data-widget_type=\"heading.default\">\n\t\t\t\t<div class=\"elementor-widget-container\">\n\t\t\t\t\t<h2 class=\"elementor-heading-title elementor-size-default\">Vous pourriez aussi \u00eatre int\u00e9ress\u00e9 par<\/h2>\t\t\t\t<\/div>\n\t\t\t\t<\/div>\n\t\t\t\t\t<\/div>\n\t\t<\/div>\n\t\t\t\t\t<\/div>\n\t\t<\/section>\n\t\t\t\t<section class=\"elementor-section elementor-top-section elementor-element elementor-element-75c7ec96 elementor-section-boxed elementor-section-height-default elementor-section-height-default\" data-id=\"75c7ec96\" data-element_type=\"section\" data-e-type=\"section\">\n\t\t\t\t\t\t<div class=\"elementor-container elementor-column-gap-default\">\n\t\t\t\t\t<div class=\"elementor-column elementor-col-33 elementor-top-column elementor-element elementor-element-63730e33\" data-id=\"63730e33\" data-element_type=\"column\" data-e-type=\"column\">\n\t\t\t<div class=\"elementor-widget-wrap elementor-element-populated\">\n\t\t\t\t\t\t<div class=\"elementor-element elementor-element-7d001b7 elementor-widget elementor-widget-image\" data-id=\"7d001b7\" data-element_type=\"widget\" data-e-type=\"widget\" data-widget_type=\"image.default\">\n\t\t\t\t<div class=\"elementor-widget-container\">\n\t\t\t\t\t\t\t\t\t\t\t\t\t\t\t\t<a href=\"https:\/\/www.bcboncar.com\/fr\/solutions-pour-la-maison\/coffrets-et-boites-dechantillons\/\">\n\t\t\t\t\t\t\t<img decoding=\"async\" width=\"800\" height=\"800\" src=\"https:\/\/www.bcboncar.com\/wp-content\/uploads\/2022\/09\/soluzioni-casa-scatole-campionari.jpg\" class=\"attachment-large size-large wp-image-3491\" alt=\"\" srcset=\"https:\/\/www.bcboncar.com\/wp-content\/uploads\/2022\/09\/soluzioni-casa-scatole-campionari.jpg 800w, https:\/\/www.bcboncar.com\/wp-content\/uploads\/2022\/09\/soluzioni-casa-scatole-campionari-300x300.jpg 300w, https:\/\/www.bcboncar.com\/wp-content\/uploads\/2022\/09\/soluzioni-casa-scatole-campionari-150x150.jpg 150w, https:\/\/www.bcboncar.com\/wp-content\/uploads\/2022\/09\/soluzioni-casa-scatole-campionari-768x768.jpg 768w\" sizes=\"(max-width: 800px) 100vw, 800px\" \/>\t\t\t\t\t\t\t\t<\/a>\n\t\t\t\t\t\t\t\t\t\t\t\t\t\t\t<\/div>\n\t\t\t\t<\/div>\n\t\t\t\t<div class=\"elementor-element elementor-element-40dc614 elementor-widget elementor-widget-heading\" data-id=\"40dc614\" data-element_type=\"widget\" data-e-type=\"widget\" data-widget_type=\"heading.default\">\n\t\t\t\t<div class=\"elementor-widget-container\">\n\t\t\t\t\t<h2 class=\"elementor-heading-title elementor-size-default\">Bo\u00eetes d'\u00e9chantillons<\/h2>\t\t\t\t<\/div>\n\t\t\t\t<\/div>\n\t\t\t\t\t<\/div>\n\t\t<\/div>\n\t\t\t\t<div class=\"elementor-column elementor-col-33 elementor-top-column elementor-element elementor-element-39877e3d\" data-id=\"39877e3d\" data-element_type=\"column\" data-e-type=\"column\">\n\t\t\t<div class=\"elementor-widget-wrap elementor-element-populated\">\n\t\t\t\t\t\t<div class=\"elementor-element elementor-element-b6bf4b0 elementor-widget elementor-widget-image\" data-id=\"b6bf4b0\" data-element_type=\"widget\" data-e-type=\"widget\" data-widget_type=\"image.default\">\n\t\t\t\t<div class=\"elementor-widget-container\">\n\t\t\t\t\t\t\t\t\t\t\t\t\t\t\t\t<a href=\"https:\/\/www.bcboncar.com\/fr\/solutions-pour-la-maison\/sac-en-tissu\/\">\n\t\t\t\t\t\t\t<img decoding=\"async\" width=\"800\" height=\"800\" src=\"https:\/\/www.bcboncar.com\/wp-content\/uploads\/2022\/09\/soluzioni-casa-shopper-tessuto.jpg\" class=\"attachment-large size-large wp-image-3494\" alt=\"\" srcset=\"https:\/\/www.bcboncar.com\/wp-content\/uploads\/2022\/09\/soluzioni-casa-shopper-tessuto.jpg 800w, https:\/\/www.bcboncar.com\/wp-content\/uploads\/2022\/09\/soluzioni-casa-shopper-tessuto-300x300.jpg 300w, https:\/\/www.bcboncar.com\/wp-content\/uploads\/2022\/09\/soluzioni-casa-shopper-tessuto-150x150.jpg 150w, https:\/\/www.bcboncar.com\/wp-content\/uploads\/2022\/09\/soluzioni-casa-shopper-tessuto-768x768.jpg 768w\" sizes=\"(max-width: 800px) 100vw, 800px\" \/>\t\t\t\t\t\t\t\t<\/a>\n\t\t\t\t\t\t\t\t\t\t\t\t\t\t\t<\/div>\n\t\t\t\t<\/div>\n\t\t\t\t<div class=\"elementor-element elementor-element-62f712d elementor-widget elementor-widget-heading\" data-id=\"62f712d\" data-element_type=\"widget\" data-e-type=\"widget\" data-widget_type=\"heading.default\">\n\t\t\t\t<div class=\"elementor-widget-container\">\n\t\t\t\t\t<h2 class=\"elementor-heading-title elementor-size-default\">Sac en tissu<\/h2>\t\t\t\t<\/div>\n\t\t\t\t<\/div>\n\t\t\t\t\t<\/div>\n\t\t<\/div>\n\t\t\t\t<div class=\"elementor-column elementor-col-33 elementor-top-column elementor-element elementor-element-44b9053a\" data-id=\"44b9053a\" data-element_type=\"column\" data-e-type=\"column\">\n\t\t\t<div class=\"elementor-widget-wrap elementor-element-populated\">\n\t\t\t\t\t\t<div class=\"elementor-element elementor-element-3eac2c5 elementor-widget elementor-widget-image\" data-id=\"3eac2c5\" data-element_type=\"widget\" data-e-type=\"widget\" data-widget_type=\"image.default\">\n\t\t\t\t<div class=\"elementor-widget-container\">\n\t\t\t\t\t\t\t\t\t\t\t\t\t\t\t\t<a href=\"https:\/\/www.bcboncar.com\/fr\/solutions-pour-la-maison\/boite-elegante\/\">\n\t\t\t\t\t\t\t<img loading=\"lazy\" decoding=\"async\" width=\"800\" height=\"800\" src=\"https:\/\/www.bcboncar.com\/wp-content\/uploads\/2022\/09\/soluzioni-casa-scatole-eleganti.jpg\" class=\"attachment-large size-large wp-image-3497\" alt=\"\" srcset=\"https:\/\/www.bcboncar.com\/wp-content\/uploads\/2022\/09\/soluzioni-casa-scatole-eleganti.jpg 800w, https:\/\/www.bcboncar.com\/wp-content\/uploads\/2022\/09\/soluzioni-casa-scatole-eleganti-300x300.jpg 300w, https:\/\/www.bcboncar.com\/wp-content\/uploads\/2022\/09\/soluzioni-casa-scatole-eleganti-150x150.jpg 150w, https:\/\/www.bcboncar.com\/wp-content\/uploads\/2022\/09\/soluzioni-casa-scatole-eleganti-768x768.jpg 768w\" sizes=\"(max-width: 800px) 100vw, 800px\" \/>\t\t\t\t\t\t\t\t<\/a>\n\t\t\t\t\t\t\t\t\t\t\t\t\t\t\t<\/div>\n\t\t\t\t<\/div>\n\t\t\t\t<div class=\"elementor-element elementor-element-28456f6 elementor-widget elementor-widget-heading\" data-id=\"28456f6\" data-element_type=\"widget\" data-e-type=\"widget\" data-widget_type=\"heading.default\">\n\t\t\t\t<div class=\"elementor-widget-container\">\n\t\t\t\t\t<h2 class=\"elementor-heading-title elementor-size-default\">Bo\u00eete \u00e9l\u00e9gante<\/h2>\t\t\t\t<\/div>\n\t\t\t\t<\/div>\n\t\t\t\t\t<\/div>\n\t\t<\/div>\n\t\t\t\t\t<\/div>\n\t\t<\/section>\n\t\t\t\t<\/div>\n\t\t","protected":false},"excerpt":{"rendered":"<p>Bo\u00eete pour linge de maison Les bo\u00eetes pour le linge de maison se distinguent par leur taille. Faire d&rsquo;une bo\u00eete pour le linge de maison un objet utilisable au quotidien, pratique \u00e0 ranger dans une armoire, facile \u00e0 manipuler et protecteur pour le produit qu&rsquo;elle contient, ce sont toutes des caract\u00e9ristiques \u00e9tudi\u00e9es par notre \u00e9quipe. [&hellip;]<\/p>\n","protected":false},"author":2,"featured_media":0,"parent":5007,"menu_order":0,"comment_status":"closed","ping_status":"closed","template":"","meta":{"footnotes":""},"class_list":["post-5030","page","type-page","status-publish","hentry"],"_links":{"self":[{"href":"https:\/\/www.bcboncar.com\/fr\/wp-json\/wp\/v2\/pages\/5030","targetHints":{"allow":["GET"]}}],"collection":[{"href":"https:\/\/www.bcboncar.com\/fr\/wp-json\/wp\/v2\/pages"}],"about":[{"href":"https:\/\/www.bcboncar.com\/fr\/wp-json\/wp\/v2\/types\/page"}],"author":[{"embeddable":true,"href":"https:\/\/www.bcboncar.com\/fr\/wp-json\/wp\/v2\/users\/2"}],"replies":[{"embeddable":true,"href":"https:\/\/www.bcboncar.com\/fr\/wp-json\/wp\/v2\/comments?post=5030"}],"version-history":[{"count":11,"href":"https:\/\/www.bcboncar.com\/fr\/wp-json\/wp\/v2\/pages\/5030\/revisions"}],"predecessor-version":[{"id":5058,"href":"https:\/\/www.bcboncar.com\/fr\/wp-json\/wp\/v2\/pages\/5030\/revisions\/5058"}],"up":[{"embeddable":true,"href":"https:\/\/www.bcboncar.com\/fr\/wp-json\/wp\/v2\/pages\/5007"}],"wp:attachment":[{"href":"https:\/\/www.bcboncar.com\/fr\/wp-json\/wp\/v2\/media?parent=5030"}],"curies":[{"name":"wp","href":"https:\/\/api.w.org\/{rel}","templated":true}]}}